{"id":608,"date":"2026-02-18T16:50:18","date_gmt":"2026-02-18T15:50:18","guid":{"rendered":"https:\/\/www.staerkenhub.at\/?page_id=608"},"modified":"2026-03-18T19:03:00","modified_gmt":"2026-03-18T18:03:00","slug":"psychologisches-coaching","status":"publish","type":"page","link":"https:\/\/www.staerkenhub.at\/bg\/psychologisches-coaching\/","title":{"rendered":"\u041a\u043e\u0443\u0447\u0438\u043d\u0433 \u0441 \u043f\u0441\u0438\u0445\u043e\u043b\u043e\u0433\u0438\u0447\u0435\u0441\u043a\u0430 \u043d\u0430\u0441\u043e\u0447\u0435\u043d\u043e\u0441\u0442"},"content":{"rendered":"<div class=\"wp-block-group alignfull is-style-section-default has-global-padding is-content-justification-center is-layout-constrained wp-block-group-is-layout-constrained\" id=\"page-title-section\" style=\"margin-top:0;margin-bottom:0;padding-top:var(--wp--preset--spacing--40);padding-bottom:var(--wp--preset--spacing--40)\">\n<div class=\"wp-block-columns alignwide is-layout-flex wp-container-core-columns-is-layout-30cd009e wp-block-columns-is-layout-flex\">\n<div class=\"wp-block-column is-vertically-aligned-bottom is-layout-flow wp-block-column-is-layout-flow\">\n<figure class=\"wp-block-image size-full\"><img loading=\"lazy\" decoding=\"async\" width=\"1024\" height=\"1024\" src=\"https:\/\/www.staerkenhub.at\/wp-content\/uploads\/2025\/10\/IMG_0129.jpg\" alt=\"\" class=\"wp-image-187\" style=\"aspect-ratio:0.75;object-fit:cover\" srcset=\"https:\/\/www.staerkenhub.at\/wp-content\/uploads\/2025\/10\/IMG_0129.jpg 1024w, https:\/\/www.staerkenhub.at\/wp-content\/uploads\/2025\/10\/IMG_0129-300x300.jpg 300w, https:\/\/www.staerkenhub.at\/wp-content\/uploads\/2025\/10\/IMG_0129-150x150.jpg 150w, https:\/\/www.staerkenhub.at\/wp-content\/uploads\/2025\/10\/IMG_0129-768x768.jpg 768w\" sizes=\"auto, (max-width: 1024px) 100vw, 1024px\" \/><\/figure>\n<\/div>\n\n\n\n<div class=\"wp-block-column is-vertically-aligned-center has-global-padding is-content-justification-left is-layout-constrained wp-container-core-column-is-layout-614074b5 wp-block-column-is-layout-constrained\">\n<h1 class=\"wp-block-heading alignfull\" style=\"font-size:clamp(32.064px, 2.004rem + ((1vw - 3.2px) * 2.226), 57px);\">\u041f\u0441\u0438\u0445\u043e\u043b\u043e\u0433\u0438\u0447\u0435\u0441\u043a\u0438 \u043a\u043e\u0443\u0447\u0438\u043d\u0433 \u0437\u0430 \u043f\u043e\u0432\u0435\u0447\u0435 \u044f\u0441\u043d\u043e\u0442\u0430, \u0441\u0430\u043c\u043e\u0447\u0443\u0432\u0441\u0442\u0432\u0438\u0435 \u0438 \u0432\u044a\u0442\u0440\u0435\u0448\u043d\u0430 \u0441\u0442\u0430\u0431\u0438\u043b\u043d\u043e\u0441\u0442<\/h1>\n<\/div>\n<\/div>\n<\/div>\n\n\n\n<div class=\"wp-block-group alignfull is-style-section-3 has-global-padding is-content-justification-center is-layout-constrained wp-container-core-group-is-layout-03ed65ad wp-block-group-is-layout-constrained is-style-section-3--1\" id=\"testimonials-section\" style=\"margin-top:0;margin-bottom:0;padding-top:var(--wp--preset--spacing--80);padding-bottom:var(--wp--preset--spacing--80)\">\n<div class=\"wp-block-group alignwide is-vertical is-content-justification-left is-layout-flex wp-container-core-group-is-layout-994fc1a2 wp-block-group-is-layout-flex\">\n<p>\u041f\u043e\u0437\u043d\u0430\u0432\u0430\u0442\u0435 \u043b\u0438 \u0443\u0441\u0435\u0449\u0430\u043d\u0435\u0442\u043e, \u0447\u0435 \u043f\u0440\u043e\u0441\u0442\u043e \u0444\u0443\u043d\u043a\u0446\u0438\u043e\u043d\u0438\u0440\u0430\u0442\u0435, \u0432\u043c\u0435\u0441\u0442\u043e \u0441\u044a\u0437\u043d\u0430\u0442\u0435\u043b\u043d\u043e \u0434\u0430 \u0443\u043f\u0440\u0430\u0432\u043b\u044f\u0432\u0430\u0442\u0435 \u0436\u0438\u0432\u043e\u0442\u0430 \u0441\u0438? \u041c\u043e\u0436\u0435 \u0431\u0438 \u043c\u0438\u0441\u043b\u0438\u0442\u0435 \u0432\u0438 \u0441\u0435 \u0432\u044a\u0440\u0442\u044f\u0442 \u0432 \u043e\u043c\u0430\u0433\u044c\u043e\u0441\u0430\u043d \u043a\u0440\u044a\u0433, \u0432\u0437\u0435\u043c\u0430\u043d\u0435\u0442\u043e \u043d\u0430 \u0440\u0435\u0448\u0435\u043d\u0438\u044f \u0441\u0442\u0430\u0432\u0430 \u0432\u0441\u0435 \u043f\u043e-\u0442\u0440\u0443\u0434\u043d\u043e \u0438\u043b\u0438 \u0437\u0430\u0431\u0435\u043b\u044f\u0437\u0432\u0430\u0442\u0435, \u0447\u0435 \u0441\u044a\u043c\u043d\u0435\u043d\u0438\u044f\u0442\u0430 \u0432 \u0441\u0435\u0431\u0435 \u0441\u0438, \u0432\u044a\u0442\u0440\u0435\u0448\u043d\u043e\u0442\u043e \u0431\u0435\u0437\u043f\u043e\u043a\u043e\u0439\u0441\u0442\u0432\u043e \u0438 \u0441\u0442\u0430\u0440\u0438\u0442\u0435 \u043c\u043e\u0434\u0435\u043b\u0438 \u043d\u0430 \u043f\u043e\u0432\u0435\u0434\u0435\u043d\u0438\u0435 \u043f\u043e\u0441\u0442\u043e\u044f\u043d\u043d\u043e \u0432\u0438 \u0441\u043f\u0438\u0440\u0430\u0442.<\/p>\n\n\n\n<p>\u041f\u0441\u0438\u0445\u043e\u043b\u043e\u0433\u0438\u0447\u0435\u0441\u043a\u0438\u044f\u0442 \u043a\u043e\u0443\u0447\u0438\u043d\u0433 \u0432\u0438 \u043f\u043e\u0434\u043a\u0440\u0435\u043f\u044f \u0432 \u0442\u043e\u0432\u0430 \u0434\u0430 \u0432\u0438\u0436\u0434\u0430\u0442\u0435 \u043f\u043e-\u044f\u0441\u043d\u043e, \u0434\u0430 \u043f\u043e\u0441\u0442\u0438\u0433\u043d\u0435\u0442\u0435 \u0432\u044a\u0442\u0440\u0435\u0448\u043d\u0430 \u0441\u0442\u0430\u0431\u0438\u043b\u043d\u043e\u0441\u0442 \u0438 \u0434\u0430 \u043e\u0442\u043a\u0440\u0438\u0435\u0442\u0435 \u043d\u043e\u0432\u0438 \u0432\u044a\u0437\u043c\u043e\u0436\u043d\u043e\u0441\u0442\u0438 \u0437\u0430 \u0434\u0435\u0439\u0441\u0442\u0432\u0438\u0435. \u0412 St\u00e4rkenHub \u0449\u0435 \u043d\u0430\u043c\u0435\u0440\u0438\u0442\u0435 \u0437\u0430\u0449\u0438\u0442\u0435\u043d\u043e \u043f\u0440\u043e\u0441\u0442\u0440\u0430\u043d\u0441\u0442\u0432\u043e, \u0432 \u043a\u043e\u0435\u0442\u043e \u0434\u0430 \u0441\u043f\u0440\u0435\u0442\u0435 \u0437\u0430 \u043c\u043e\u043c\u0435\u043d\u0442, \u0434\u0430 \u043f\u043e\u0434\u0440\u0435\u0434\u0438\u0442\u0435 \u043d\u0430\u0442\u043e\u0432\u0430\u0440\u0432\u0430\u0449\u0438\u0442\u0435 \u043c\u0438\u0441\u043b\u0438 \u0438 \u0446\u0435\u043b\u0435\u043d\u0430\u0441\u043e\u0447\u0435\u043d\u043e \u0434\u0430 \u0443\u043a\u0440\u0435\u043f\u0438\u0442\u0435 \u0441\u043e\u0431\u0441\u0442\u0432\u0435\u043d\u0438\u0442\u0435 \u0441\u0438 \u0440\u0435\u0441\u0443\u0440\u0441\u0438.<\/p>\n\n\n\n<p><strong>\u0417\u0430\u0435\u0434\u043d\u043e \u0440\u0430\u0431\u043e\u0442\u0438\u043c \u0437\u0430 \u0442\u043e\u0432\u0430 \u0412\u0438\u0435 \u0434\u0430:<\/strong><\/p>\n\n\n\n<ul class=\"wp-block-list\">\n<li class=\"translation-block\">\u0414\u0430 \u043f\u043e\u0434\u0440\u0435\u0434\u0438\u0442\u0435 \u043c\u0438\u0441\u043b\u0438\u0442\u0435 \u0441\u0438 \u0438 \u0434\u0430 \u0440\u0430\u0437\u0431\u0435\u0440\u0435\u0442\u0435 \u043f\u043e-\u0434\u043e\u0431\u0440\u0435 \u043a\u0430\u043a\u0432\u043e \u0432\u0438 \u043d\u0430\u0442\u043e\u0432\u0430\u0440\u0432\u0430 \u0438\u043b\u0438 \u0431\u043b\u043e\u043a\u0438\u0440\u0430 \u0432\u044a\u0442\u0440\u0435\u0448\u043d\u043e.<\/li>\n\n\n\n<li class=\"translation-block\">\u0414\u0430 \u0438\u0437\u0433\u0440\u0430\u0434\u0438\u0442\u0435 \u0441\u0430\u043c\u043e\u0447\u0443\u0432\u0441\u0442\u0432\u0438\u0435 \u0438 \u043e\u0442\u043d\u043e\u0432\u043e \u0434\u0430 \u0432\u0437\u0435\u043c\u0430\u0442\u0435 \u0440\u0435\u0448\u0435\u043d\u0438\u044f \u0441 \u043f\u043e-\u0433\u043e\u043b\u044f\u043c\u0430 \u0443\u0432\u0435\u0440\u0435\u043d\u043e\u0441\u0442.<\/li>\n\n\n\n<li class=\"translation-block\">\u0414\u0430 \u043f\u0440\u0435\u043c\u0438\u043d\u0435\u0442\u0435 \u043a\u044a\u043c \u0434\u0435\u0439\u0441\u0442\u0432\u0438\u0435 \u2013 \u0441 \u043a\u043e\u043d\u043a\u0440\u0435\u0442\u043d\u0438, \u043f\u0440\u0438\u043b\u043e\u0436\u0438\u043c\u0438 \u0432 \u0435\u0436\u0435\u0434\u043d\u0435\u0432\u0438\u0435\u0442\u043e \u0441\u0442\u044a\u043f\u043a\u0438, \u043a\u043e\u0438\u0442\u043e \u043d\u0430\u0438\u0441\u0442\u0438\u043d\u0430 \u0441\u044a\u043e\u0442\u0432\u0435\u0442\u0441\u0442\u0432\u0430\u0442 \u043d\u0430 \u0432\u0430\u0448\u0430\u0442\u0430 \u043b\u0438\u0447\u043d\u043e\u0441\u0442.<\/li>\n<\/ul>\n\n\n\n<p>\u041f\u0441\u0438\u0445\u043e\u043b\u043e\u0433\u0438\u0447\u0435\u0441\u043a\u0438\u044f\u0442 \u043a\u043e\u0443\u0447\u0438\u043d\u0433 \u043c\u043e\u0436\u0435 \u0434\u0430 \u0431\u044a\u0434\u0435 \u043e\u0441\u043e\u0431\u0435\u043d\u043e \u043f\u043e\u043b\u0435\u0437\u0435\u043d, \u043a\u043e\u0433\u0430\u0442\u043e \u0441\u0435 \u0447\u0443\u0432\u0441\u0442\u0432\u0430\u0442\u0435 \u043f\u043e\u0434 \u043d\u0430\u0442\u0438\u0441\u043a, \u043f\u0440\u0435\u0434\u0441\u0442\u043e\u044f\u0442 \u0432\u0438 \u043f\u0440\u043e\u043c\u0435\u043d\u0438, \u0436\u0435\u043b\u0430\u0435\u0442\u0435 \u043f\u043e\u0432\u0435\u0447\u0435 \u043e\u0440\u0438\u0435\u043d\u0442\u0430\u0446\u0438\u044f \u0438\u043b\u0438 \u0438\u0441\u043a\u0430\u0442\u0435 \u043e\u0442\u043d\u043e\u0432\u043e \u0434\u0430 \u043d\u0430\u043c\u0435\u0440\u0438\u0442\u0435 \u043f\u044a\u0442 \u043a\u044a\u043c \u0441\u0435\u0431\u0435 \u0441\u0438.<\/p>\n\n\n\n<p>\u041a\u043e\u0439\u0442\u043e \u0440\u0430\u0437\u0431\u0438\u0440\u0430 \u043f\u043e-\u0434\u043e\u0431\u0440\u0435 \u0432\u044a\u0442\u0440\u0435\u0448\u043d\u0438\u0442\u0435 \u0441\u0438 \u043c\u043e\u0434\u0435\u043b\u0438, \u043f\u0435\u0447\u0435\u043b\u0438 \u043f\u043e\u0432\u0435\u0447\u0435 \u0441\u0432\u043e\u0431\u043e\u0434\u0430 \u0432 \u043c\u0438\u0441\u043b\u0435\u043d\u0435\u0442\u043e, \u0447\u0443\u0432\u0441\u0442\u0432\u0430\u0442\u0430 \u0438 \u0434\u0435\u0439\u0441\u0442\u0432\u0438\u044f\u0442\u0430 \u0441\u0438. \u0422\u0430\u043a\u0430 \u0441\u0442\u044a\u043f\u043a\u0430 \u043f\u043e \u0441\u0442\u044a\u043f\u043a\u0430 \u0441\u0435 \u0438\u0437\u0433\u0440\u0430\u0436\u0434\u0430 \u0441\u0442\u0430\u0431\u0438\u043b\u043d\u0430 \u0432\u044a\u0442\u0440\u0435\u0448\u043d\u0430 \u043e\u0441\u043d\u043e\u0432\u0430, \u043a\u043e\u044f\u0442\u043e \u0432\u0438 \u043d\u043e\u0441\u0438 \u0432 \u0435\u0436\u0435\u0434\u043d\u0435\u0432\u0438\u0435\u0442\u043e \u2013 \u043a\u0430\u043a\u0442\u043e \u0432 \u043f\u0440\u043e\u0444\u0435\u0441\u0438\u043e\u043d\u0430\u043b\u0435\u043d, \u0442\u0430\u043a\u0430 \u0438 \u0432 \u043b\u0438\u0447\u0435\u043d \u043f\u043b\u0430\u043d.<\/p>\n\n\n\n<p><strong>\u041d\u0435\u043a\u0430 \u0432 \u0435\u0434\u0438\u043d \u043f\u0440\u0435\u0434\u0432\u0430\u0440\u0438\u0442\u0435\u043b\u0435\u043d, \u043d\u0435\u043e\u0431\u0432\u044a\u0440\u0437\u0432\u0430\u0449 \u0440\u0430\u0437\u0433\u043e\u0432\u043e\u0440 \u0438\u0437\u044f\u0441\u043d\u0438\u043c \u0434\u0430\u043b\u0438 \u043c\u043e\u044f\u0442 \u043a\u043e\u0443\u0447\u0438\u043d\u0433 \u0435 \u043f\u043e\u0434\u0445\u043e\u0434\u044f\u0449\u0430\u0442\u0430 \u043f\u043e\u0434\u043a\u0440\u0435\u043f\u0430 \u0437\u0430 \u0412\u0430\u0441 \u0432 \u043d\u0430\u0441\u0442\u043e\u044f\u0449\u0438\u044f \u043c\u043e\u043c\u0435\u043d\u0442.<\/strong><\/p>\n<\/div>\n<\/div>\n\n\n\n<p><\/p>","protected":false},"excerpt":{"rendered":"<p>Psychologisches Coaching f\u00fcr mehr Klarheit, Selbstvertrauen und innere Stabilit\u00e4t Kennen Sie das Gef\u00fchl, nur noch zu funktionieren, statt bewusst zu gestalten? Vielleicht drehen sich Ihre Gedanken im Kreis, Entscheidungen fallen schwer oder Sie merken, dass Selbstzweifel, innere Unruhe oder alte Muster Sie immer wieder ausbremsen. Psychologisches Coaching unterst\u00fctzt Sie dabei, wieder klarer zu sehen, sich [&hellip;]<\/p>\n","protected":false},"author":1,"featured_media":0,"parent":0,"menu_order":0,"comment_status":"closed","ping_status":"closed","template":"","meta":{"_uag_custom_page_level_css":"","footnotes":""},"class_list":["post-608","page","type-page","status-publish","hentry"],"yoast_head":"<!-- This site is optimized with the Yoast SEO plugin v27.4 - https:\/\/yoast.com\/product\/yoast-seo-wordpress\/ -->\n<title>Psychologisches Coaching - St\u00e4rkenHub | Psychologisches Coaching &amp; Beratung<\/title>\n<meta name=\"description\" content=\"Psychologisches Coaching hilft Ihnen, Unsicherheiten zu \u00fcberwinden und Ihre Selbstwirksamkeit gezielt einzusetzen.\" \/>\n<meta name=\"robots\" content=\"index, follow, max-snippet:-1, max-image-preview:large, max-video-preview:-1\" \/>\n<link rel=\"canonical\" href=\"https:\/\/www.staerkenhub.at\/bg\/psychologisches-coaching\/\" \/>\n<meta property=\"og:locale\" content=\"bg_BG\" \/>\n<meta property=\"og:type\" content=\"article\" \/>\n<meta property=\"og:title\" content=\"Psychologisches Coaching - St\u00e4rkenHub | Psychologisches Coaching &amp; Beratung\" \/>\n<meta property=\"og:description\" content=\"Psychologisches Coaching hilft Ihnen, Unsicherheiten zu \u00fcberwinden und Ihre Selbstwirksamkeit gezielt einzusetzen.\" \/>\n<meta property=\"og:url\" content=\"https:\/\/www.staerkenhub.at\/bg\/psychologisches-coaching\/\" \/>\n<meta property=\"og:site_name\" content=\"St\u00e4rkenHub | Psychologisches Coaching &amp; Beratung\" \/>\n<meta property=\"article:publisher\" content=\"https:\/\/www.facebook.com\/profile.php?id=61581644878953\" \/>\n<meta property=\"article:modified_time\" content=\"2026-03-18T18:03:00+00:00\" \/>\n<meta property=\"og:image\" content=\"https:\/\/www.staerkenhub.at\/wp-content\/uploads\/2025\/10\/IMG_0129.jpg\" \/>\n\t<meta property=\"og:image:width\" content=\"1024\" \/>\n\t<meta property=\"og:image:height\" content=\"1024\" \/>\n\t<meta property=\"og:image:type\" content=\"image\/jpeg\" \/>\n<meta name=\"twitter:card\" content=\"summary_large_image\" \/>\n<meta name=\"twitter:label1\" content=\"Est. reading time\" \/>\n\t<meta name=\"twitter:data1\" content=\"2 \u043c\u0438\u043d\u0443\u0442\u0438\" \/>\n<script type=\"application\/ld+json\" class=\"yoast-schema-graph\">{\"@context\":\"https:\\\/\\\/schema.org\",\"@graph\":[{\"@type\":\"WebPage\",\"@id\":\"https:\\\/\\\/www.staerkenhub.at\\\/psychologisches-coaching\\\/\",\"url\":\"https:\\\/\\\/www.staerkenhub.at\\\/psychologisches-coaching\\\/\",\"name\":\"Psychologisches Coaching - St\u00e4rkenHub | Psychologisches Coaching &amp; Beratung\",\"isPartOf\":{\"@id\":\"https:\\\/\\\/www.staerkenhub.at\\\/#website\"},\"primaryImageOfPage\":{\"@id\":\"https:\\\/\\\/www.staerkenhub.at\\\/psychologisches-coaching\\\/#primaryimage\"},\"image\":{\"@id\":\"https:\\\/\\\/www.staerkenhub.at\\\/psychologisches-coaching\\\/#primaryimage\"},\"thumbnailUrl\":\"https:\\\/\\\/www.staerkenhub.at\\\/wp-content\\\/uploads\\\/2025\\\/10\\\/IMG_0129.jpg\",\"datePublished\":\"2026-02-18T15:50:18+00:00\",\"dateModified\":\"2026-03-18T18:03:00+00:00\",\"description\":\"Psychologisches Coaching hilft Ihnen, Unsicherheiten zu \u00fcberwinden und Ihre Selbstwirksamkeit gezielt einzusetzen.\",\"breadcrumb\":{\"@id\":\"https:\\\/\\\/www.staerkenhub.at\\\/psychologisches-coaching\\\/#breadcrumb\"},\"inLanguage\":\"bg-BG\",\"potentialAction\":[{\"@type\":\"ReadAction\",\"target\":[\"https:\\\/\\\/www.staerkenhub.at\\\/psychologisches-coaching\\\/\"]}]},{\"@type\":\"ImageObject\",\"inLanguage\":\"bg-BG\",\"@id\":\"https:\\\/\\\/www.staerkenhub.at\\\/psychologisches-coaching\\\/#primaryimage\",\"url\":\"https:\\\/\\\/www.staerkenhub.at\\\/wp-content\\\/uploads\\\/2025\\\/10\\\/IMG_0129.jpg\",\"contentUrl\":\"https:\\\/\\\/www.staerkenhub.at\\\/wp-content\\\/uploads\\\/2025\\\/10\\\/IMG_0129.jpg\"},{\"@type\":\"BreadcrumbList\",\"@id\":\"https:\\\/\\\/www.staerkenhub.at\\\/psychologisches-coaching\\\/#breadcrumb\",\"itemListElement\":[{\"@type\":\"ListItem\",\"position\":1,\"name\":\"Start\",\"item\":\"https:\\\/\\\/www.staerkenhub.at\\\/\"},{\"@type\":\"ListItem\",\"position\":2,\"name\":\"Psychologisches Coaching\"}]},{\"@type\":\"WebSite\",\"@id\":\"https:\\\/\\\/www.staerkenhub.at\\\/#website\",\"url\":\"https:\\\/\\\/www.staerkenhub.at\\\/\",\"name\":\"St\u00e4rkenHub by Evgeniya Teneva\",\"description\":\"\",\"publisher\":{\"@id\":\"https:\\\/\\\/www.staerkenhub.at\\\/#organization\"},\"potentialAction\":[{\"@type\":\"SearchAction\",\"target\":{\"@type\":\"EntryPoint\",\"urlTemplate\":\"https:\\\/\\\/www.staerkenhub.at\\\/?s={search_term_string}\"},\"query-input\":{\"@type\":\"PropertyValueSpecification\",\"valueRequired\":true,\"valueName\":\"search_term_string\"}}],\"inLanguage\":\"bg-BG\"},{\"@type\":\"Organization\",\"@id\":\"https:\\\/\\\/www.staerkenhub.at\\\/#organization\",\"name\":\"St\u00e4rkenHub by Evgeniya Teneva\",\"url\":\"https:\\\/\\\/www.staerkenhub.at\\\/\",\"logo\":{\"@type\":\"ImageObject\",\"inLanguage\":\"bg-BG\",\"@id\":\"https:\\\/\\\/www.staerkenhub.at\\\/#\\\/schema\\\/logo\\\/image\\\/\",\"url\":\"https:\\\/\\\/www.staerkenhub.at\\\/wp-content\\\/uploads\\\/2025\\\/09\\\/5feaaa6d-1e5c-4a25-beb0-7922022ef953.png\",\"contentUrl\":\"https:\\\/\\\/www.staerkenhub.at\\\/wp-content\\\/uploads\\\/2025\\\/09\\\/5feaaa6d-1e5c-4a25-beb0-7922022ef953.png\",\"width\":1344,\"height\":768,\"caption\":\"St\u00e4rkenHub by Evgeniya Teneva\"},\"image\":{\"@id\":\"https:\\\/\\\/www.staerkenhub.at\\\/#\\\/schema\\\/logo\\\/image\\\/\"},\"sameAs\":[\"https:\\\/\\\/www.facebook.com\\\/profile.php?id=61581644878953\",\"https:\\\/\\\/www.instagram.com\\\/evgeniya.teneva\\\/\"]}]}<\/script>\n<!-- \/ Yoast SEO plugin. -->","yoast_head_json":{"title":"Psychologisches Coaching - St\u00e4rkenHub | Psychologisches Coaching &amp; Beratung","description":"Psychologisches Coaching hilft Ihnen, Unsicherheiten zu \u00fcberwinden und Ihre Selbstwirksamkeit gezielt einzusetzen.","robots":{"index":"index","follow":"follow","max-snippet":"max-snippet:-1","max-image-preview":"max-image-preview:large","max-video-preview":"max-video-preview:-1"},"canonical":"https:\/\/www.staerkenhub.at\/bg\/psychologisches-coaching\/","og_locale":"bg_BG","og_type":"article","og_title":"Psychologisches Coaching - St\u00e4rkenHub | Psychologisches Coaching &amp; Beratung","og_description":"Psychologisches Coaching hilft Ihnen, Unsicherheiten zu \u00fcberwinden und Ihre Selbstwirksamkeit gezielt einzusetzen.","og_url":"https:\/\/www.staerkenhub.at\/bg\/psychologisches-coaching\/","og_site_name":"St\u00e4rkenHub | Psychologisches Coaching &amp; Beratung","article_publisher":"https:\/\/www.facebook.com\/profile.php?id=61581644878953","article_modified_time":"2026-03-18T18:03:00+00:00","og_image":[{"width":1024,"height":1024,"url":"https:\/\/www.staerkenhub.at\/wp-content\/uploads\/2025\/10\/IMG_0129.jpg","type":"image\/jpeg"}],"twitter_card":"summary_large_image","twitter_misc":{"Est. reading time":"2 \u043c\u0438\u043d\u0443\u0442\u0438"},"schema":{"@context":"https:\/\/schema.org","@graph":[{"@type":"WebPage","@id":"https:\/\/www.staerkenhub.at\/psychologisches-coaching\/","url":"https:\/\/www.staerkenhub.at\/psychologisches-coaching\/","name":"Psychologisches Coaching - St\u00e4rkenHub | Psychologisches Coaching &amp; Beratung","isPartOf":{"@id":"https:\/\/www.staerkenhub.at\/#website"},"primaryImageOfPage":{"@id":"https:\/\/www.staerkenhub.at\/psychologisches-coaching\/#primaryimage"},"image":{"@id":"https:\/\/www.staerkenhub.at\/psychologisches-coaching\/#primaryimage"},"thumbnailUrl":"https:\/\/www.staerkenhub.at\/wp-content\/uploads\/2025\/10\/IMG_0129.jpg","datePublished":"2026-02-18T15:50:18+00:00","dateModified":"2026-03-18T18:03:00+00:00","description":"Psychologisches Coaching hilft Ihnen, Unsicherheiten zu \u00fcberwinden und Ihre Selbstwirksamkeit gezielt einzusetzen.","breadcrumb":{"@id":"https:\/\/www.staerkenhub.at\/psychologisches-coaching\/#breadcrumb"},"inLanguage":"bg-BG","potentialAction":[{"@type":"ReadAction","target":["https:\/\/www.staerkenhub.at\/psychologisches-coaching\/"]}]},{"@type":"ImageObject","inLanguage":"bg-BG","@id":"https:\/\/www.staerkenhub.at\/psychologisches-coaching\/#primaryimage","url":"https:\/\/www.staerkenhub.at\/wp-content\/uploads\/2025\/10\/IMG_0129.jpg","contentUrl":"https:\/\/www.staerkenhub.at\/wp-content\/uploads\/2025\/10\/IMG_0129.jpg"},{"@type":"BreadcrumbList","@id":"https:\/\/www.staerkenhub.at\/psychologisches-coaching\/#breadcrumb","itemListElement":[{"@type":"ListItem","position":1,"name":"Start","item":"https:\/\/www.staerkenhub.at\/"},{"@type":"ListItem","position":2,"name":"Psychologisches Coaching"}]},{"@type":"WebSite","@id":"https:\/\/www.staerkenhub.at\/#website","url":"https:\/\/www.staerkenhub.at\/","name":"St\u00e4rkenHub by Evgeniya Teneva","description":"","publisher":{"@id":"https:\/\/www.staerkenhub.at\/#organization"},"potentialAction":[{"@type":"SearchAction","target":{"@type":"EntryPoint","urlTemplate":"https:\/\/www.staerkenhub.at\/?s={search_term_string}"},"query-input":{"@type":"PropertyValueSpecification","valueRequired":true,"valueName":"search_term_string"}}],"inLanguage":"bg-BG"},{"@type":"Organization","@id":"https:\/\/www.staerkenhub.at\/#organization","name":"St\u00e4rkenHub by Evgeniya Teneva","url":"https:\/\/www.staerkenhub.at\/","logo":{"@type":"ImageObject","inLanguage":"bg-BG","@id":"https:\/\/www.staerkenhub.at\/#\/schema\/logo\/image\/","url":"https:\/\/www.staerkenhub.at\/wp-content\/uploads\/2025\/09\/5feaaa6d-1e5c-4a25-beb0-7922022ef953.png","contentUrl":"https:\/\/www.staerkenhub.at\/wp-content\/uploads\/2025\/09\/5feaaa6d-1e5c-4a25-beb0-7922022ef953.png","width":1344,"height":768,"caption":"St\u00e4rkenHub by Evgeniya Teneva"},"image":{"@id":"https:\/\/www.staerkenhub.at\/#\/schema\/logo\/image\/"},"sameAs":["https:\/\/www.facebook.com\/profile.php?id=61581644878953","https:\/\/www.instagram.com\/evgeniya.teneva\/"]}]}},"uagb_featured_image_src":{"full":false,"thumbnail":false,"medium":false,"medium_large":false,"large":false,"1536x1536":false,"2048x2048":false,"trp-custom-language-flag":false},"uagb_author_info":{"display_name":"Evgeniya Teneva","author_link":"https:\/\/www.staerkenhub.at\/bg\/author\/evgeniya-teneva\/"},"uagb_comment_info":0,"uagb_excerpt":"Psychologisches Coaching f\u00fcr mehr Klarheit, Selbstvertrauen und innere Stabilit\u00e4t Kennen Sie das Gef\u00fchl, nur noch zu funktionieren, statt bewusst zu gestalten? Vielleicht drehen sich Ihre Gedanken im Kreis, Entscheidungen fallen schwer oder Sie merken, dass Selbstzweifel, innere Unruhe oder alte Muster Sie immer wieder ausbremsen. Psychologisches Coaching unterst\u00fctzt Sie dabei, wieder klarer zu sehen, sich&hellip;","_links":{"self":[{"href":"https:\/\/www.staerkenhub.at\/bg\/wp-json\/wp\/v2\/pages\/608","targetHints":{"allow":["GET"]}}],"collection":[{"href":"https:\/\/www.staerkenhub.at\/bg\/wp-json\/wp\/v2\/pages"}],"about":[{"href":"https:\/\/www.staerkenhub.at\/bg\/wp-json\/wp\/v2\/types\/page"}],"author":[{"embeddable":true,"href":"https:\/\/www.staerkenhub.at\/bg\/wp-json\/wp\/v2\/users\/1"}],"replies":[{"embeddable":true,"href":"https:\/\/www.staerkenhub.at\/bg\/wp-json\/wp\/v2\/comments?post=608"}],"version-history":[{"count":8,"href":"https:\/\/www.staerkenhub.at\/bg\/wp-json\/wp\/v2\/pages\/608\/revisions"}],"predecessor-version":[{"id":665,"href":"https:\/\/www.staerkenhub.at\/bg\/wp-json\/wp\/v2\/pages\/608\/revisions\/665"}],"wp:attachment":[{"href":"https:\/\/www.staerkenhub.at\/bg\/wp-json\/wp\/v2\/media?parent=608"}],"curies":[{"name":"wp","href":"https:\/\/api.w.org\/{rel}","templated":true}]}}