{"id":308,"date":"2026-02-18T17:12:12","date_gmt":"2026-02-18T16:12:12","guid":{"rendered":"https:\/\/www.staerkenhub.at\/?page_id=308"},"modified":"2026-03-18T19:09:52","modified_gmt":"2026-03-18T18:09:52","slug":"flugangst","status":"publish","type":"page","link":"https:\/\/www.staerkenhub.at\/bg\/flugangst\/","title":{"rendered":"\u0421\u0442\u0440\u0430\u0445 \u043e\u0442 \u043b\u0435\u0442\u0435\u043d\u0435"},"content":{"rendered":"<div class=\"wp-block-columns alignwide are-vertically-aligned-top is-layout-flex wp-container-core-columns-is-layout-28f84493 wp-block-columns-is-layout-flex\">\n<div class=\"wp-block-column is-layout-flow wp-block-column-is-layout-flow\" style=\"flex-basis:38%\">\n<figure class=\"wp-block-image size-full is-resized\"><img loading=\"lazy\" decoding=\"async\" width=\"1040\" height=\"1384\" src=\"https:\/\/www.staerkenhub.at\/wp-content\/uploads\/2026\/02\/Bildidee_-Zwei-entspannte-Menschen-im-Flugzeug-nebeneinander-sitzend-eine-laechelnd-die-andere-vielleicht-aus-dem-Fenster-schauend-aber-nicht-aengstlich.jpg\" alt=\"\" class=\"wp-image-645\" style=\"aspect-ratio:0.7982764980048955;width:502px;height:auto\" srcset=\"https:\/\/www.staerkenhub.at\/wp-content\/uploads\/2026\/02\/Bildidee_-Zwei-entspannte-Menschen-im-Flugzeug-nebeneinander-sitzend-eine-laechelnd-die-andere-vielleicht-aus-dem-Fenster-schauend-aber-nicht-aengstlich.jpg 1040w, https:\/\/www.staerkenhub.at\/wp-content\/uploads\/2026\/02\/Bildidee_-Zwei-entspannte-Menschen-im-Flugzeug-nebeneinander-sitzend-eine-laechelnd-die-andere-vielleicht-aus-dem-Fenster-schauend-aber-nicht-aengstlich-225x300.jpg 225w, https:\/\/www.staerkenhub.at\/wp-content\/uploads\/2026\/02\/Bildidee_-Zwei-entspannte-Menschen-im-Flugzeug-nebeneinander-sitzend-eine-laechelnd-die-andere-vielleicht-aus-dem-Fenster-schauend-aber-nicht-aengstlich-769x1024.jpg 769w, https:\/\/www.staerkenhub.at\/wp-content\/uploads\/2026\/02\/Bildidee_-Zwei-entspannte-Menschen-im-Flugzeug-nebeneinander-sitzend-eine-laechelnd-die-andere-vielleicht-aus-dem-Fenster-schauend-aber-nicht-aengstlich-768x1022.jpg 768w, https:\/\/www.staerkenhub.at\/wp-content\/uploads\/2026\/02\/Bildidee_-Zwei-entspannte-Menschen-im-Flugzeug-nebeneinander-sitzend-eine-laechelnd-die-andere-vielleicht-aus-dem-Fenster-schauend-aber-nicht-aengstlich-9x12.jpg 9w\" sizes=\"auto, (max-width: 1040px) 100vw, 1040px\" \/><\/figure>\n\n\n\n<figure class=\"wp-block-image size-full\"><img loading=\"lazy\" decoding=\"async\" width=\"834\" height=\"834\" src=\"https:\/\/www.staerkenhub.at\/wp-content\/uploads\/2026\/02\/Gemini_Generated_Image_4l2mtx4l2mtx4l2m-edited.png\" alt=\"\" class=\"wp-image-643\" srcset=\"https:\/\/www.staerkenhub.at\/wp-content\/uploads\/2026\/02\/Gemini_Generated_Image_4l2mtx4l2mtx4l2m-edited.png 834w, https:\/\/www.staerkenhub.at\/wp-content\/uploads\/2026\/02\/Gemini_Generated_Image_4l2mtx4l2mtx4l2m-edited-300x300.png 300w, https:\/\/www.staerkenhub.at\/wp-content\/uploads\/2026\/02\/Gemini_Generated_Image_4l2mtx4l2mtx4l2m-edited-150x150.png 150w, https:\/\/www.staerkenhub.at\/wp-content\/uploads\/2026\/02\/Gemini_Generated_Image_4l2mtx4l2mtx4l2m-edited-768x768.png 768w, https:\/\/www.staerkenhub.at\/wp-content\/uploads\/2026\/02\/Gemini_Generated_Image_4l2mtx4l2mtx4l2m-edited-12x12.png 12w\" sizes=\"auto, (max-width: 834px) 100vw, 834px\" \/><\/figure>\n<\/div>\n\n\n\n<div class=\"wp-block-column is-layout-flow wp-block-column-is-layout-flow\" style=\"flex-basis:62%\">\n<h1 class=\"wp-block-heading\">\u041f\u0440\u0435\u043e\u0434\u043e\u043b\u044f\u0432\u0430\u043d\u0435 \u043d\u0430 \u0441\u0442\u0440\u0430\u0445\u0430 \u043e\u0442 \u043b\u0435\u0442\u0435\u043d\u0435<\/h1>\n\n\n\n<hr class=\"wp-block-separator has-alpha-channel-opacity\"\/>\n\n\n\n<h4 class=\"wp-block-heading\">\u0417\u0430 \u0434\u0430 \u0441\u0435 \u043e\u0442\u0432\u043e\u0440\u0438 \u0441\u0432\u0435\u0442\u044a\u0442 \u043e\u0442\u043d\u043e\u0432\u043e \u043f\u0440\u0435\u0434 \u0412\u0430\u0441<\/h4>\n\n\n\n<p>\u0421\u0442\u0440\u0430\u0445\u044a\u0442 \u043e\u0442 \u043b\u0435\u0442\u0435\u043d\u0435 \u0435 \u043d\u0435\u0449\u043e \u043f\u043e\u0432\u0435\u0447\u0435 \u043e\u0442 \u043e\u0431\u0438\u043a\u043d\u043e\u0432\u0435\u043d \u0434\u0438\u0441\u043a\u043e\u043c\u0444\u043e\u0440\u0442 \u043f\u0440\u0438 \u0438\u0437\u043b\u0438\u0442\u0430\u043d\u0435. \u0422\u043e\u0439 \u043c\u043e\u0436\u0435 \u0434\u0430 \u043e\u0433\u0440\u0430\u043d\u0438\u0447\u0438 \u0441\u0432\u043e\u0431\u043e\u0434\u0430\u0442\u0430 \u0432\u0438, \u0434\u0430 \u0437\u0430\u0442\u0440\u0443\u0434\u043d\u0438 \u043f\u0440\u043e\u0444\u0435\u0441\u0438\u043e\u043d\u0430\u043b\u043d\u0438\u0442\u0435 \u0432\u0438 \u0432\u044a\u0437\u043c\u043e\u0436\u043d\u043e\u0441\u0442\u0438 \u0438 \u0441\u0435\u0440\u0438\u043e\u0437\u043d\u043e \u0434\u0430 \u043f\u043e\u043c\u0440\u0430\u0447\u0438 \u0440\u0430\u0434\u043e\u0441\u0442\u0442\u0430 \u043e\u0442 \u043f\u044a\u0442\u0443\u0432\u0430\u043d\u0435\u0442\u043e. \u041c\u043e\u0436\u0435 \u0431\u0438 \u0432\u0438 \u0435 \u043f\u043e\u0437\u043d\u0430\u0442\u043e: \u0441\u044a\u0440\u0446\u0435\u0431\u0438\u0435\u043d\u0435 \u0441\u0435\u0434\u043c\u0438\u0446\u0438 \u043f\u0440\u0435\u0434\u0438 \u043f\u043e\u043b\u0435\u0442\u0430, \u043d\u0430\u0442\u0440\u0430\u043f\u0447\u0438\u0432\u0438 \u043c\u0438\u0441\u043b\u0438, \u0431\u0435\u0437\u0441\u044a\u043d\u043d\u0438 \u043d\u043e\u0449\u0438 \u0438 \u0447\u0443\u0432\u0441\u0442\u0432\u043e\u0442\u043e, \u0447\u0435 \u0441\u0442\u0435 \u043d\u0430\u043f\u044a\u043b\u043d\u043e \u0431\u0435\u0437\u043f\u043e\u043c\u043e\u0449\u043d\u0438 \u043f\u0440\u0435\u0434 \u0441\u0438\u0442\u0443\u0430\u0446\u0438\u044f\u0442\u0430 \u0432 \u0441\u0430\u043c\u043e\u043b\u0435\u0442\u0430.<\/p>\n\n\n\n<p>\u041f\u043e\u0437\u043d\u0430\u0432\u0430\u043c \u0442\u043e\u0437\u0438 \u0441\u0442\u0440\u0430\u0445 \u043e\u0442 \u0441\u043e\u0431\u0441\u0442\u0432\u0435\u043d \u043e\u043f\u0438\u0442 \u0438 \u0441\u044a\u0449\u0435\u0432\u0440\u0435\u043c\u0435\u043d\u043d\u043e \u0437\u043d\u0430\u043c \u043a\u043e\u043b\u043a\u043e \u043e\u0441\u0432\u043e\u0431\u043e\u0436\u0434\u0430\u0432\u0430\u0449\u043e \u0435, \u043a\u043e\u0433\u0430\u0442\u043e \u0441\u0442\u044a\u043f\u043a\u0430 \u043f\u043e \u0441\u0442\u044a\u043f\u043a\u0430 \u0441\u0438 \u0432\u044a\u0437\u0432\u044a\u0440\u043d\u0435\u0448 \u0441\u0438\u0433\u0443\u0440\u043d\u043e\u0441\u0442\u0442\u0430.<\/p>\n\n\n\n<p><strong>\u0417\u0430\u0435\u0434\u043d\u043e \u0434\u0430 \u0441\u0438 \u0432\u044a\u0440\u043d\u0435\u0442\u0435 \u0441\u0438\u0433\u0443\u0440\u043d\u043e\u0441\u0442\u0442\u0430<\/strong><\/p>\n\n\n\n<p>\u0412 \u043c\u043e\u044f\u0442\u0430 \u043f\u043e\u0434\u043a\u0440\u0435\u043f\u0430 \u043f\u0440\u0438 \u0441\u0442\u0440\u0430\u0445 \u043e\u0442 \u043b\u0435\u0442\u0435\u043d\u0435 \u0440\u0430\u0437\u0433\u043b\u0435\u0436\u0434\u0430\u043c\u0435 \u043a\u0430\u043a\u0432\u043e \u0441\u0435 \u0441\u043b\u0443\u0447\u0432\u0430 \u0432 \u0442\u044f\u043b\u043e\u0442\u043e \u0438 \u043c\u0438\u0441\u043b\u0438\u0442\u0435 \u0432\u0438, \u043a\u043e\u0433\u0430\u0442\u043e \u0441\u0442\u0440\u0430\u0445\u044a\u0442 \u0441\u0435 \u0430\u043a\u0442\u0438\u0432\u0438\u0440\u0430. \u0429\u0435 \u0441\u0435 \u043d\u0430\u0443\u0447\u0438\u0442\u0435 \u0434\u0430 \u0440\u0430\u0437\u0431\u0438\u0440\u0430\u0442\u0435 \u043f\u043e-\u0434\u043e\u0431\u0440\u0435 \u0442\u0438\u043f\u0438\u0447\u043d\u0438\u0442\u0435 \u0442\u0440\u0438\u0433\u0435\u0440\u0438, \u0434\u0430 \u0440\u0435\u0433\u0443\u043b\u0438\u0440\u0430\u0442\u0435 \u0446\u0435\u043b\u0435\u043d\u0430\u0441\u043e\u0447\u0435\u043d\u043e \u0441\u0442\u0440\u0435\u0441\u043e\u0432\u0438\u0442\u0435 \u0440\u0435\u0430\u043a\u0446\u0438\u0438 \u0438 \u0434\u0430 \u043f\u0440\u0438\u043b\u0430\u0433\u0430\u0442\u0435 \u043a\u043e\u043d\u043a\u0440\u0435\u0442\u043d\u0438 \u0441\u0442\u0440\u0430\u0442\u0435\u0433\u0438\u0438, \u0437\u0430 \u0434\u0430 \u043e\u0441\u0442\u0430\u043d\u0435\u0442\u0435 \u043f\u043e-\u0441\u043f\u043e\u043a\u043e\u0439\u043d\u0438 \u0438 \u0441\u043f\u043e\u0441\u043e\u0431\u043d\u0438 \u0434\u0430 \u0434\u0435\u0439\u0441\u0442\u0432\u0430\u0442\u0435 \u0434\u043e\u0440\u0438 \u0438 \u0432 \u0441\u0430\u043c\u043e\u043b\u0435\u0442\u0430.<\/p>\n\n\n\n<p>\u041c\u043e\u044f\u0442\u0430 \u0446\u0435\u043b \u043d\u0435 \u0435 \u043f\u0440\u043e\u0441\u0442\u043e \u043d\u044f\u043a\u0430\u043a \u0434\u0430 \u201e\u043f\u0440\u0435\u0436\u0438\u0432\u0435\u0435\u0442\u0435\u201c \u043f\u043e\u043b\u0435\u0442\u0430, \u0430 \u0434\u0430 \u0441\u0435 \u0447\u0443\u0432\u0441\u0442\u0432\u0430\u0442\u0435 \u043f\u043e-\u0434\u043e\u0431\u0440\u0435 \u043f\u043e\u0434\u0433\u043e\u0442\u0432\u0435\u043d\u0438 \u0432\u044a\u0442\u0440\u0435\u0448\u043d\u043e \u0438 \u0434\u0430 \u043c\u043e\u0436\u0435\u0442\u0435 \u0434\u0430 \u043f\u044a\u0442\u0443\u0432\u0430\u0442\u0435 \u043e\u0442\u043d\u043e\u0432\u043e \u0441 \u043f\u043e\u0432\u0435\u0447\u0435 \u0441\u043f\u043e\u043a\u043e\u0439\u0441\u0442\u0432\u0438\u0435 \u0438 \u0441\u0430\u043c\u043e\u0447\u0443\u0432\u0441\u0442\u0432\u0438\u0435.<\/p>\n\n\n\n<p><strong>\u0415\u0434\u0438\u043d \u0441\u043f\u0435\u0446\u0438\u0430\u043b\u0435\u043d \u043f\u043e\u0434\u0445\u043e\u0434: \u041f\u0441\u0438\u0445\u043e\u043b\u043e\u0433\u0438\u044f\u0442\u0430 \u0441\u0440\u0435\u0449\u0430 \u043a\u0430\u0431\u0438\u043d\u0430\u0442\u0430<\/strong><\/p>\n\n\n\n<p>\u041d\u0430\u0440\u0435\u0434 \u0441 \u043f\u0441\u0438\u0445\u043e\u043b\u043e\u0433\u0438\u0447\u0435\u0441\u043a\u0430\u0442\u0430 \u0440\u0430\u0431\u043e\u0442\u0430, \u0437\u0430 \u043c\u043d\u043e\u0433\u043e \u0445\u043e\u0440\u0430 \u0440\u0430\u0437\u0431\u0438\u0440\u0430\u043d\u0435\u0442\u043e \u043d\u0430 \u0441\u0430\u043c\u0430\u0442\u0430 \u0441\u0438\u0442\u0443\u0430\u0446\u0438\u044f \u043f\u043e \u0432\u0440\u0435\u043c\u0435 \u043d\u0430 \u043f\u043e\u043b\u0435\u0442 \u0435 \u043e\u0442 \u0440\u0435\u0448\u0430\u0432\u0430\u0449\u043e \u0437\u043d\u0430\u0447\u0435\u043d\u0438\u0435. \u0412\u044a\u043f\u0440\u043e\u0441\u0438 \u043a\u0430\u0442\u043e \u201e\u0417\u0430\u0449\u043e \u0441\u0435 \u043a\u043b\u0430\u0442\u0438?\u201c, \u201e\u041a\u0430\u043a\u0432\u043e \u043e\u0437\u043d\u0430\u0447\u0430\u0432\u0430\u0442 \u0442\u0435\u0437\u0438 \u0437\u0432\u0443\u0446\u0438?\u201c \u0438\u043b\u0438 \u201e\u041a\u043e\u043b\u043a\u043e \u0441\u0438\u0433\u0443\u0440\u043d\u043e \u0435 \u043b\u0435\u0442\u0435\u043d\u0435\u0442\u043e \u0432\u0441\u044a\u0449\u043d\u043e\u0441\u0442?\u201c \u0447\u0435\u0441\u0442\u043e \u0434\u043e\u043f\u044a\u043b\u043d\u0438\u0442\u0435\u043b\u043d\u043e \u0437\u0430\u0441\u0438\u043b\u0432\u0430\u0442 \u0441\u0442\u0440\u0430\u0445\u0430.<\/p>\n\n\n\n<p class=\"translation-block\">\u0417\u0430\u0442\u043e\u0432\u0430, \u0441\u044a\u0432\u043c\u0435\u0441\u0442\u043d\u043e \u0441 \u043e\u043f\u0438\u0442\u0435\u043d \u043f\u0438\u043b\u043e\u0442, \u043f\u0440\u0435\u0434\u043b\u0430\u0433\u0430\u043c <strong><a href=\"https:\/\/www.staerkenhub.at\/bg\/flugangstseminar\/\" target=\"_self\"> \u043e\u043d\u043b\u0430\u0439\u043d \u0441\u0435\u043c\u0438\u043d\u0430\u0440\u0438 \u0437\u0430 \u0441\u0442\u0440\u0430\u0445 \u043e\u0442 \u043b\u0435\u0442\u0435\u043d\u0435 <\/a><\/strong>.<\/p>\n\n\n\n<p><strong>\u0422\u043e\u0432\u0430, \u043a\u043e\u0435\u0442\u043e \u043f\u043e\u043b\u0443\u0447\u0430\u0432\u0430\u0442\u0435 \u0438 \u043e\u0442 \u0434\u0432\u0435\u0442\u0435 \u043f\u0435\u0440\u0441\u043f\u0435\u043a\u0442\u0438\u0432\u0438:<\/strong><\/p>\n\n\n\n<ul class=\"wp-block-list\">\n<li class=\"translation-block\">\u041f\u0441\u0438\u0445\u043e\u043b\u043e\u0433\u0438\u0447\u0435\u0441\u043a\u0438 \u0441\u0442\u0440\u0430\u0442\u0435\u0433\u0438\u0438 \u0437\u0430 \u043f\u043e-\u0434\u043e\u0431\u0440\u043e \u0440\u0430\u0437\u0431\u0438\u0440\u0430\u043d\u0435 \u0438 \u0440\u0435\u0433\u0443\u043b\u0438\u0440\u0430\u043d\u0435 \u043d\u0430 \u0440\u0435\u0430\u043a\u0446\u0438\u0438\u0442\u0435 \u043d\u0430 \u0441\u0442\u0440\u0430\u0445.<\/li>\n\n\n\n<li class=\"translation-block\">\u041e\u0431\u044f\u0441\u043d\u0435\u043d\u0438\u0435 \u043d\u0430 \u0442\u0435\u0445\u043d\u0438\u0447\u0435\u0441\u043a\u0438\u0442\u0435 \u0434\u0435\u0442\u0430\u0439\u043b\u0438: \u0420\u0430\u0437\u0431\u0435\u0440\u0435\u0442\u0435 \u043a\u0430\u043a\u0432\u043e \u0441\u0435 \u0441\u043b\u0443\u0447\u0432\u0430 \u043f\u043e \u0432\u0440\u0435\u043c\u0435 \u043d\u0430 \u043f\u043e\u043b\u0435\u0442, \u0437\u0430 \u0434\u0430 \u0441\u043f\u0440\u0430\u0442 \u0437\u0432\u0443\u0446\u0438\u0442\u0435 \u0438 \u0434\u0432\u0438\u0436\u0435\u043d\u0438\u044f\u0442\u0430 \u0434\u0430 \u0432\u0438 \u043f\u043b\u0430\u0448\u0430\u0442.<\/li>\n<\/ul>\n\n\n\n<p>\u0414\u0432\u043e\u0439\u043d\u0430 \u0441\u0438\u0433\u0443\u0440\u043d\u043e\u0441\u0442 \u0437\u0430 \u0432\u0430\u0441: \u0437\u043d\u0430\u043d\u0438\u044f \u0437\u0430 \u043f\u043e\u043b\u0435\u0442\u0430 \u0438 \u0438\u043d\u0441\u0442\u0440\u0443\u043c\u0435\u043d\u0442\u0438 \u0437\u0430 \u0441\u043f\u0440\u0430\u0432\u044f\u043d\u0435 \u0441\u044a\u0441 \u0441\u0442\u0440\u0430\u0445\u0430. \u0422\u043e\u0432\u0430 \u0435 \u0432\u0430\u0448\u0438\u044f\u0442 \u043f\u044a\u0442 \u043a\u044a\u043c \u0441\u043f\u043e\u043a\u043e\u0439\u043d\u0438\u0442\u0435 \u043f\u044a\u0442\u0443\u0432\u0430\u043d\u0438\u044f, \u043a\u043e\u0438\u0442\u043e \u0437\u0430\u0441\u043b\u0443\u0436\u0430\u0432\u0430\u0442\u0435.<\/p>\n\n\n\n<p><\/p>\n\n\n\n<div class=\"wp-block-buttons is-layout-flex wp-block-buttons-is-layout-flex\"><\/div>\n<\/div>\n<\/div>","protected":false},"excerpt":{"rendered":"<p>Flugangst \u00fcberwinden Damit die Welt f\u00fcr Sie wieder offensteht Flugangst ist mehr als nur Unwohlsein beim Start. Sie kann Ihre Freiheit einschr\u00e4nken, berufliche M\u00f6glichkeiten erschweren und die Vorfreude auf Reisen massiv belasten. Vielleicht kennen Sie das: Herzklopfen schon Wochen vor dem Flug, Gr\u00fcbelschleifen, schlaflose N\u00e4chte und das Gef\u00fchl, der Situation im Flugzeug ausgeliefert zu sein. [&hellip;]<\/p>\n","protected":false},"author":1,"featured_media":0,"parent":0,"menu_order":0,"comment_status":"closed","ping_status":"closed","template":"","meta":{"_uag_custom_page_level_css":"","footnotes":""},"class_list":["post-308","page","type-page","status-publish","hentry"],"yoast_head":"<!-- This site is optimized with the Yoast SEO plugin v27.4 - https:\/\/yoast.com\/product\/yoast-seo-wordpress\/ -->\n<title>Flugangst - St\u00e4rkenHub | Psychologisches Coaching &amp; Beratung<\/title>\n<meta name=\"robots\" content=\"index, follow, max-snippet:-1, max-image-preview:large, max-video-preview:-1\" \/>\n<link rel=\"canonical\" href=\"https:\/\/www.staerkenhub.at\/bg\/flugangst\/\" \/>\n<meta property=\"og:locale\" content=\"bg_BG\" \/>\n<meta property=\"og:type\" content=\"article\" \/>\n<meta property=\"og:title\" content=\"Flugangst - St\u00e4rkenHub | Psychologisches Coaching &amp; Beratung\" \/>\n<meta property=\"og:description\" content=\"Flugangst \u00fcberwinden Damit die Welt f\u00fcr Sie wieder offensteht Flugangst ist mehr als nur Unwohlsein beim Start. Sie kann Ihre Freiheit einschr\u00e4nken, berufliche M\u00f6glichkeiten erschweren und die Vorfreude auf Reisen massiv belasten. Vielleicht kennen Sie das: Herzklopfen schon Wochen vor dem Flug, Gr\u00fcbelschleifen, schlaflose N\u00e4chte und das Gef\u00fchl, der Situation im Flugzeug ausgeliefert zu sein. [&hellip;]\" \/>\n<meta property=\"og:url\" content=\"https:\/\/www.staerkenhub.at\/bg\/flugangst\/\" \/>\n<meta property=\"og:site_name\" content=\"St\u00e4rkenHub | Psychologisches Coaching &amp; Beratung\" \/>\n<meta property=\"article:publisher\" content=\"https:\/\/www.facebook.com\/profile.php?id=61581644878953\" \/>\n<meta property=\"article:modified_time\" content=\"2026-03-18T18:09:52+00:00\" \/>\n<meta property=\"og:image\" content=\"https:\/\/www.staerkenhub.at\/wp-content\/uploads\/2026\/02\/Bildidee_-Zwei-entspannte-Menschen-im-Flugzeug-nebeneinander-sitzend-eine-laechelnd-die-andere-vielleicht-aus-dem-Fenster-schauend-aber-nicht-aengstlich.jpg\" \/>\n\t<meta property=\"og:image:width\" content=\"1040\" \/>\n\t<meta property=\"og:image:height\" content=\"1384\" \/>\n\t<meta property=\"og:image:type\" content=\"image\/jpeg\" \/>\n<meta name=\"twitter:card\" content=\"summary_large_image\" \/>\n<meta name=\"twitter:label1\" content=\"Est. reading time\" \/>\n\t<meta name=\"twitter:data1\" content=\"2 \u043c\u0438\u043d\u0443\u0442\u0438\" \/>\n<script type=\"application\/ld+json\" class=\"yoast-schema-graph\">{\"@context\":\"https:\\\/\\\/schema.org\",\"@graph\":[{\"@type\":\"WebPage\",\"@id\":\"https:\\\/\\\/www.staerkenhub.at\\\/flugangst\\\/\",\"url\":\"https:\\\/\\\/www.staerkenhub.at\\\/flugangst\\\/\",\"name\":\"Flugangst - St\u00e4rkenHub | Psychologisches Coaching &amp; Beratung\",\"isPartOf\":{\"@id\":\"https:\\\/\\\/www.staerkenhub.at\\\/#website\"},\"primaryImageOfPage\":{\"@id\":\"https:\\\/\\\/www.staerkenhub.at\\\/flugangst\\\/#primaryimage\"},\"image\":{\"@id\":\"https:\\\/\\\/www.staerkenhub.at\\\/flugangst\\\/#primaryimage\"},\"thumbnailUrl\":\"https:\\\/\\\/www.staerkenhub.at\\\/wp-content\\\/uploads\\\/2026\\\/02\\\/Bildidee_-Zwei-entspannte-Menschen-im-Flugzeug-nebeneinander-sitzend-eine-laechelnd-die-andere-vielleicht-aus-dem-Fenster-schauend-aber-nicht-aengstlich.jpg\",\"datePublished\":\"2026-02-18T16:12:12+00:00\",\"dateModified\":\"2026-03-18T18:09:52+00:00\",\"breadcrumb\":{\"@id\":\"https:\\\/\\\/www.staerkenhub.at\\\/flugangst\\\/#breadcrumb\"},\"inLanguage\":\"bg-BG\",\"potentialAction\":[{\"@type\":\"ReadAction\",\"target\":[\"https:\\\/\\\/www.staerkenhub.at\\\/flugangst\\\/\"]}]},{\"@type\":\"ImageObject\",\"inLanguage\":\"bg-BG\",\"@id\":\"https:\\\/\\\/www.staerkenhub.at\\\/flugangst\\\/#primaryimage\",\"url\":\"https:\\\/\\\/www.staerkenhub.at\\\/wp-content\\\/uploads\\\/2026\\\/02\\\/Bildidee_-Zwei-entspannte-Menschen-im-Flugzeug-nebeneinander-sitzend-eine-laechelnd-die-andere-vielleicht-aus-dem-Fenster-schauend-aber-nicht-aengstlich.jpg\",\"contentUrl\":\"https:\\\/\\\/www.staerkenhub.at\\\/wp-content\\\/uploads\\\/2026\\\/02\\\/Bildidee_-Zwei-entspannte-Menschen-im-Flugzeug-nebeneinander-sitzend-eine-laechelnd-die-andere-vielleicht-aus-dem-Fenster-schauend-aber-nicht-aengstlich.jpg\"},{\"@type\":\"BreadcrumbList\",\"@id\":\"https:\\\/\\\/www.staerkenhub.at\\\/flugangst\\\/#breadcrumb\",\"itemListElement\":[{\"@type\":\"ListItem\",\"position\":1,\"name\":\"Start\",\"item\":\"https:\\\/\\\/www.staerkenhub.at\\\/\"},{\"@type\":\"ListItem\",\"position\":2,\"name\":\"Flugangst\"}]},{\"@type\":\"WebSite\",\"@id\":\"https:\\\/\\\/www.staerkenhub.at\\\/#website\",\"url\":\"https:\\\/\\\/www.staerkenhub.at\\\/\",\"name\":\"St\u00e4rkenHub by Evgeniya Teneva\",\"description\":\"\",\"publisher\":{\"@id\":\"https:\\\/\\\/www.staerkenhub.at\\\/#organization\"},\"potentialAction\":[{\"@type\":\"SearchAction\",\"target\":{\"@type\":\"EntryPoint\",\"urlTemplate\":\"https:\\\/\\\/www.staerkenhub.at\\\/?s={search_term_string}\"},\"query-input\":{\"@type\":\"PropertyValueSpecification\",\"valueRequired\":true,\"valueName\":\"search_term_string\"}}],\"inLanguage\":\"bg-BG\"},{\"@type\":\"Organization\",\"@id\":\"https:\\\/\\\/www.staerkenhub.at\\\/#organization\",\"name\":\"St\u00e4rkenHub by Evgeniya Teneva\",\"url\":\"https:\\\/\\\/www.staerkenhub.at\\\/\",\"logo\":{\"@type\":\"ImageObject\",\"inLanguage\":\"bg-BG\",\"@id\":\"https:\\\/\\\/www.staerkenhub.at\\\/#\\\/schema\\\/logo\\\/image\\\/\",\"url\":\"https:\\\/\\\/www.staerkenhub.at\\\/wp-content\\\/uploads\\\/2025\\\/09\\\/5feaaa6d-1e5c-4a25-beb0-7922022ef953.png\",\"contentUrl\":\"https:\\\/\\\/www.staerkenhub.at\\\/wp-content\\\/uploads\\\/2025\\\/09\\\/5feaaa6d-1e5c-4a25-beb0-7922022ef953.png\",\"width\":1344,\"height\":768,\"caption\":\"St\u00e4rkenHub by Evgeniya Teneva\"},\"image\":{\"@id\":\"https:\\\/\\\/www.staerkenhub.at\\\/#\\\/schema\\\/logo\\\/image\\\/\"},\"sameAs\":[\"https:\\\/\\\/www.facebook.com\\\/profile.php?id=61581644878953\",\"https:\\\/\\\/www.instagram.com\\\/evgeniya.teneva\\\/\"]}]}<\/script>\n<!-- \/ Yoast SEO plugin. -->","yoast_head_json":{"title":"Flugangst - St\u00e4rkenHub | Psychologisches Coaching &amp; Beratung","robots":{"index":"index","follow":"follow","max-snippet":"max-snippet:-1","max-image-preview":"max-image-preview:large","max-video-preview":"max-video-preview:-1"},"canonical":"https:\/\/www.staerkenhub.at\/bg\/flugangst\/","og_locale":"bg_BG","og_type":"article","og_title":"Flugangst - St\u00e4rkenHub | Psychologisches Coaching &amp; Beratung","og_description":"Flugangst \u00fcberwinden Damit die Welt f\u00fcr Sie wieder offensteht Flugangst ist mehr als nur Unwohlsein beim Start. Sie kann Ihre Freiheit einschr\u00e4nken, berufliche M\u00f6glichkeiten erschweren und die Vorfreude auf Reisen massiv belasten. Vielleicht kennen Sie das: Herzklopfen schon Wochen vor dem Flug, Gr\u00fcbelschleifen, schlaflose N\u00e4chte und das Gef\u00fchl, der Situation im Flugzeug ausgeliefert zu sein. [&hellip;]","og_url":"https:\/\/www.staerkenhub.at\/bg\/flugangst\/","og_site_name":"St\u00e4rkenHub | Psychologisches Coaching &amp; Beratung","article_publisher":"https:\/\/www.facebook.com\/profile.php?id=61581644878953","article_modified_time":"2026-03-18T18:09:52+00:00","og_image":[{"width":1040,"height":1384,"url":"https:\/\/www.staerkenhub.at\/wp-content\/uploads\/2026\/02\/Bildidee_-Zwei-entspannte-Menschen-im-Flugzeug-nebeneinander-sitzend-eine-laechelnd-die-andere-vielleicht-aus-dem-Fenster-schauend-aber-nicht-aengstlich.jpg","type":"image\/jpeg"}],"twitter_card":"summary_large_image","twitter_misc":{"Est. reading time":"2 \u043c\u0438\u043d\u0443\u0442\u0438"},"schema":{"@context":"https:\/\/schema.org","@graph":[{"@type":"WebPage","@id":"https:\/\/www.staerkenhub.at\/flugangst\/","url":"https:\/\/www.staerkenhub.at\/flugangst\/","name":"Flugangst - St\u00e4rkenHub | Psychologisches Coaching &amp; Beratung","isPartOf":{"@id":"https:\/\/www.staerkenhub.at\/#website"},"primaryImageOfPage":{"@id":"https:\/\/www.staerkenhub.at\/flugangst\/#primaryimage"},"image":{"@id":"https:\/\/www.staerkenhub.at\/flugangst\/#primaryimage"},"thumbnailUrl":"https:\/\/www.staerkenhub.at\/wp-content\/uploads\/2026\/02\/Bildidee_-Zwei-entspannte-Menschen-im-Flugzeug-nebeneinander-sitzend-eine-laechelnd-die-andere-vielleicht-aus-dem-Fenster-schauend-aber-nicht-aengstlich.jpg","datePublished":"2026-02-18T16:12:12+00:00","dateModified":"2026-03-18T18:09:52+00:00","breadcrumb":{"@id":"https:\/\/www.staerkenhub.at\/flugangst\/#breadcrumb"},"inLanguage":"bg-BG","potentialAction":[{"@type":"ReadAction","target":["https:\/\/www.staerkenhub.at\/flugangst\/"]}]},{"@type":"ImageObject","inLanguage":"bg-BG","@id":"https:\/\/www.staerkenhub.at\/flugangst\/#primaryimage","url":"https:\/\/www.staerkenhub.at\/wp-content\/uploads\/2026\/02\/Bildidee_-Zwei-entspannte-Menschen-im-Flugzeug-nebeneinander-sitzend-eine-laechelnd-die-andere-vielleicht-aus-dem-Fenster-schauend-aber-nicht-aengstlich.jpg","contentUrl":"https:\/\/www.staerkenhub.at\/wp-content\/uploads\/2026\/02\/Bildidee_-Zwei-entspannte-Menschen-im-Flugzeug-nebeneinander-sitzend-eine-laechelnd-die-andere-vielleicht-aus-dem-Fenster-schauend-aber-nicht-aengstlich.jpg"},{"@type":"BreadcrumbList","@id":"https:\/\/www.staerkenhub.at\/flugangst\/#breadcrumb","itemListElement":[{"@type":"ListItem","position":1,"name":"Start","item":"https:\/\/www.staerkenhub.at\/"},{"@type":"ListItem","position":2,"name":"Flugangst"}]},{"@type":"WebSite","@id":"https:\/\/www.staerkenhub.at\/#website","url":"https:\/\/www.staerkenhub.at\/","name":"St\u00e4rkenHub by Evgeniya Teneva","description":"","publisher":{"@id":"https:\/\/www.staerkenhub.at\/#organization"},"potentialAction":[{"@type":"SearchAction","target":{"@type":"EntryPoint","urlTemplate":"https:\/\/www.staerkenhub.at\/?s={search_term_string}"},"query-input":{"@type":"PropertyValueSpecification","valueRequired":true,"valueName":"search_term_string"}}],"inLanguage":"bg-BG"},{"@type":"Organization","@id":"https:\/\/www.staerkenhub.at\/#organization","name":"St\u00e4rkenHub by Evgeniya Teneva","url":"https:\/\/www.staerkenhub.at\/","logo":{"@type":"ImageObject","inLanguage":"bg-BG","@id":"https:\/\/www.staerkenhub.at\/#\/schema\/logo\/image\/","url":"https:\/\/www.staerkenhub.at\/wp-content\/uploads\/2025\/09\/5feaaa6d-1e5c-4a25-beb0-7922022ef953.png","contentUrl":"https:\/\/www.staerkenhub.at\/wp-content\/uploads\/2025\/09\/5feaaa6d-1e5c-4a25-beb0-7922022ef953.png","width":1344,"height":768,"caption":"St\u00e4rkenHub by Evgeniya Teneva"},"image":{"@id":"https:\/\/www.staerkenhub.at\/#\/schema\/logo\/image\/"},"sameAs":["https:\/\/www.facebook.com\/profile.php?id=61581644878953","https:\/\/www.instagram.com\/evgeniya.teneva\/"]}]}},"uagb_featured_image_src":{"full":false,"thumbnail":false,"medium":false,"medium_large":false,"large":false,"1536x1536":false,"2048x2048":false,"trp-custom-language-flag":false},"uagb_author_info":{"display_name":"Evgeniya Teneva","author_link":"https:\/\/www.staerkenhub.at\/bg\/author\/evgeniya-teneva\/"},"uagb_comment_info":0,"uagb_excerpt":"Flugangst \u00fcberwinden Damit die Welt f\u00fcr Sie wieder offensteht Flugangst ist mehr als nur Unwohlsein beim Start. Sie kann Ihre Freiheit einschr\u00e4nken, berufliche M\u00f6glichkeiten erschweren und die Vorfreude auf Reisen massiv belasten. Vielleicht kennen Sie das: Herzklopfen schon Wochen vor dem Flug, Gr\u00fcbelschleifen, schlaflose N\u00e4chte und das Gef\u00fchl, der Situation im Flugzeug ausgeliefert zu sein.&hellip;","_links":{"self":[{"href":"https:\/\/www.staerkenhub.at\/bg\/wp-json\/wp\/v2\/pages\/308","targetHints":{"allow":["GET"]}}],"collection":[{"href":"https:\/\/www.staerkenhub.at\/bg\/wp-json\/wp\/v2\/pages"}],"about":[{"href":"https:\/\/www.staerkenhub.at\/bg\/wp-json\/wp\/v2\/types\/page"}],"author":[{"embeddable":true,"href":"https:\/\/www.staerkenhub.at\/bg\/wp-json\/wp\/v2\/users\/1"}],"replies":[{"embeddable":true,"href":"https:\/\/www.staerkenhub.at\/bg\/wp-json\/wp\/v2\/comments?post=308"}],"version-history":[{"count":6,"href":"https:\/\/www.staerkenhub.at\/bg\/wp-json\/wp\/v2\/pages\/308\/revisions"}],"predecessor-version":[{"id":667,"href":"https:\/\/www.staerkenhub.at\/bg\/wp-json\/wp\/v2\/pages\/308\/revisions\/667"}],"wp:attachment":[{"href":"https:\/\/www.staerkenhub.at\/bg\/wp-json\/wp\/v2\/media?parent=308"}],"curies":[{"name":"wp","href":"https:\/\/api.w.org\/{rel}","templated":true}]}}