{"id":178,"date":"2025-09-30T13:41:37","date_gmt":"2025-09-30T11:41:37","guid":{"rendered":"https:\/\/www.staerkenhub.at\/?page_id=178"},"modified":"2025-09-30T13:41:37","modified_gmt":"2025-09-30T11:41:37","slug":"impressum","status":"publish","type":"page","link":"https:\/\/www.staerkenhub.at\/bg\/impressum\/","title":{"rendered":"\u041f\u0440\u0430\u0432\u043d\u0430 \u0438\u043d\u0444\u043e\u0440\u043c\u0430\u0446\u0438\u044f"},"content":{"rendered":"<h3 class=\"wp-block-heading\">Anbieterin \/ Kontakt<\/h3>\n\n\n\n<p>Angaben gem\u00e4\u00df \u00a7 5 E-Commerce-Gesetz (ECG)<br>Anbieterin: Evgeniya Teneva, M.Sc.<\/p>\n\n\n\n<p>Rechtsform: Kleinunternehmen<\/p>\n\n\n\n<h3 class=\"wp-block-heading\">Berufsrechtliche Angaben<\/h3>\n\n\n\n<p>Berufsrechtliche Angaben<br>Berufsbezeichnung: Lebens- und Sozialberaterin (eingeschr\u00e4nkte Bef\u00e4higung zur psychologischen Beratung)<\/p>\n\n\n\n<h3 class=\"wp-block-heading\">Offenlegung<\/h3>\n\n\n\n<p>Zust\u00e4ndige Kammer: Wirtschaftskammer \u00d6sterreich (WKO), Fachgruppe Personenberatung und Personenbetreuung<\/p>\n\n\n\n<p>Anwendbare Rechtsvorschriften: Gewerbeordnung (GewO), abrufbar unter&nbsp;<a href=\"http:\/\/www.ris.bka.gv.at\/\">http:\/\/www.ris.bka.gv.at<\/a><\/p>\n\n\n\n<h3 class=\"wp-block-heading\">Haftungsausschluss<\/h3>\n\n\n\n<p>Haftung f\u00fcr Inhalte:<br>Die Inhalte dieser Website wurden mit gr\u00f6\u00dfter Sorgfalt erstellt. F\u00fcr die Richtigkeit, Vollst\u00e4ndigkeit und Aktualit\u00e4t der Inhalte kann jedoch keine Gew\u00e4hr \u00fcbernommen werden.<\/p>\n\n\n\n<p>Urheberrecht:<br>Die durch die Seitenbetreiberin erstellten Inhalte und Werke auf diesen Seiten unterliegen dem \u00f6sterreichischen Urheberrecht. Die Vervielf\u00e4ltigung, Bearbeitung, Verbreitung und jede Art der Verwertung au\u00dferhalb der Grenzen des Urheberrechtes bed\u00fcrfen der schriftlichen Zustimmung der jeweiligen Autorin bzw. des Erstellers.<\/p>","protected":false},"excerpt":{"rendered":"<p>Anbieterin \/ Kontakt Angaben gem\u00e4\u00df \u00a7 5 E-Commerce-Gesetz (ECG)Anbieterin: Evgeniya Teneva, M.Sc. Rechtsform: Kleinunternehmen Berufsrechtliche Angaben Berufsrechtliche AngabenBerufsbezeichnung: Lebens- und Sozialberaterin (eingeschr\u00e4nkte Bef\u00e4higung zur psychologischen Beratung) Offenlegung Zust\u00e4ndige Kammer: Wirtschaftskammer \u00d6sterreich (WKO), Fachgruppe Personenberatung und Personenbetreuung Anwendbare Rechtsvorschriften: Gewerbeordnung (GewO), abrufbar unter&nbsp;http:\/\/www.ris.bka.gv.at Haftungsausschluss Haftung f\u00fcr Inhalte:Die Inhalte dieser Website wurden mit gr\u00f6\u00dfter Sorgfalt erstellt. F\u00fcr [&hellip;]<\/p>\n","protected":false},"author":1,"featured_media":0,"parent":0,"menu_order":0,"comment_status":"closed","ping_status":"closed","template":"","meta":{"_uag_custom_page_level_css":"","footnotes":""},"class_list":["post-178","page","type-page","status-publish","hentry"],"yoast_head":"<!-- This site is optimized with the Yoast SEO plugin v27.4 - https:\/\/yoast.com\/product\/yoast-seo-wordpress\/ -->\n<title>Impressum - St\u00e4rkenHub | Psychologisches Coaching &amp; Beratung<\/title>\n<meta name=\"robots\" content=\"index, follow, max-snippet:-1, max-image-preview:large, max-video-preview:-1\" \/>\n<link rel=\"canonical\" href=\"https:\/\/www.staerkenhub.at\/bg\/impressum\/\" \/>\n<meta property=\"og:locale\" content=\"bg_BG\" \/>\n<meta property=\"og:type\" content=\"article\" \/>\n<meta property=\"og:title\" content=\"Impressum - St\u00e4rkenHub | Psychologisches Coaching &amp; Beratung\" \/>\n<meta property=\"og:description\" content=\"Anbieterin \/ Kontakt Angaben gem\u00e4\u00df \u00a7 5 E-Commerce-Gesetz (ECG)Anbieterin: Evgeniya Teneva, M.Sc. Rechtsform: Kleinunternehmen Berufsrechtliche Angaben Berufsrechtliche AngabenBerufsbezeichnung: Lebens- und Sozialberaterin (eingeschr\u00e4nkte Bef\u00e4higung zur psychologischen Beratung) Offenlegung Zust\u00e4ndige Kammer: Wirtschaftskammer \u00d6sterreich (WKO), Fachgruppe Personenberatung und Personenbetreuung Anwendbare Rechtsvorschriften: Gewerbeordnung (GewO), abrufbar unter&nbsp;http:\/\/www.ris.bka.gv.at Haftungsausschluss Haftung f\u00fcr Inhalte:Die Inhalte dieser Website wurden mit gr\u00f6\u00dfter Sorgfalt erstellt. F\u00fcr [&hellip;]\" \/>\n<meta property=\"og:url\" content=\"https:\/\/www.staerkenhub.at\/bg\/impressum\/\" \/>\n<meta property=\"og:site_name\" content=\"St\u00e4rkenHub | Psychologisches Coaching &amp; Beratung\" \/>\n<meta property=\"article:publisher\" content=\"https:\/\/www.facebook.com\/profile.php?id=61581644878953\" \/>\n<meta name=\"twitter:card\" content=\"summary_large_image\" \/>\n<meta name=\"twitter:label1\" content=\"Est. reading time\" \/>\n\t<meta name=\"twitter:data1\" content=\"1 \u043c\u0438\u043d\u0443\u0442\u0430\" \/>\n<script type=\"application\/ld+json\" class=\"yoast-schema-graph\">{\"@context\":\"https:\\\/\\\/schema.org\",\"@graph\":[{\"@type\":\"WebPage\",\"@id\":\"https:\\\/\\\/www.staerkenhub.at\\\/impressum\\\/\",\"url\":\"https:\\\/\\\/www.staerkenhub.at\\\/impressum\\\/\",\"name\":\"Impressum - St\u00e4rkenHub | Psychologisches Coaching &amp; Beratung\",\"isPartOf\":{\"@id\":\"https:\\\/\\\/www.staerkenhub.at\\\/#website\"},\"datePublished\":\"2025-09-30T11:41:37+00:00\",\"breadcrumb\":{\"@id\":\"https:\\\/\\\/www.staerkenhub.at\\\/impressum\\\/#breadcrumb\"},\"inLanguage\":\"bg-BG\",\"potentialAction\":[{\"@type\":\"ReadAction\",\"target\":[\"https:\\\/\\\/www.staerkenhub.at\\\/impressum\\\/\"]}]},{\"@type\":\"BreadcrumbList\",\"@id\":\"https:\\\/\\\/www.staerkenhub.at\\\/impressum\\\/#breadcrumb\",\"itemListElement\":[{\"@type\":\"ListItem\",\"position\":1,\"name\":\"Start\",\"item\":\"https:\\\/\\\/www.staerkenhub.at\\\/\"},{\"@type\":\"ListItem\",\"position\":2,\"name\":\"Impressum\"}]},{\"@type\":\"WebSite\",\"@id\":\"https:\\\/\\\/www.staerkenhub.at\\\/#website\",\"url\":\"https:\\\/\\\/www.staerkenhub.at\\\/\",\"name\":\"St\u00e4rkenHub by Evgeniya Teneva\",\"description\":\"\",\"publisher\":{\"@id\":\"https:\\\/\\\/www.staerkenhub.at\\\/#organization\"},\"potentialAction\":[{\"@type\":\"SearchAction\",\"target\":{\"@type\":\"EntryPoint\",\"urlTemplate\":\"https:\\\/\\\/www.staerkenhub.at\\\/?s={search_term_string}\"},\"query-input\":{\"@type\":\"PropertyValueSpecification\",\"valueRequired\":true,\"valueName\":\"search_term_string\"}}],\"inLanguage\":\"bg-BG\"},{\"@type\":\"Organization\",\"@id\":\"https:\\\/\\\/www.staerkenhub.at\\\/#organization\",\"name\":\"St\u00e4rkenHub by Evgeniya Teneva\",\"url\":\"https:\\\/\\\/www.staerkenhub.at\\\/\",\"logo\":{\"@type\":\"ImageObject\",\"inLanguage\":\"bg-BG\",\"@id\":\"https:\\\/\\\/www.staerkenhub.at\\\/#\\\/schema\\\/logo\\\/image\\\/\",\"url\":\"https:\\\/\\\/www.staerkenhub.at\\\/wp-content\\\/uploads\\\/2025\\\/09\\\/5feaaa6d-1e5c-4a25-beb0-7922022ef953.png\",\"contentUrl\":\"https:\\\/\\\/www.staerkenhub.at\\\/wp-content\\\/uploads\\\/2025\\\/09\\\/5feaaa6d-1e5c-4a25-beb0-7922022ef953.png\",\"width\":1344,\"height\":768,\"caption\":\"St\u00e4rkenHub by Evgeniya Teneva\"},\"image\":{\"@id\":\"https:\\\/\\\/www.staerkenhub.at\\\/#\\\/schema\\\/logo\\\/image\\\/\"},\"sameAs\":[\"https:\\\/\\\/www.facebook.com\\\/profile.php?id=61581644878953\",\"https:\\\/\\\/www.instagram.com\\\/evgeniya.teneva\\\/\"]}]}<\/script>\n<!-- \/ Yoast SEO plugin. -->","yoast_head_json":{"title":"Impressum - St\u00e4rkenHub | Psychologisches Coaching &amp; Beratung","robots":{"index":"index","follow":"follow","max-snippet":"max-snippet:-1","max-image-preview":"max-image-preview:large","max-video-preview":"max-video-preview:-1"},"canonical":"https:\/\/www.staerkenhub.at\/bg\/impressum\/","og_locale":"bg_BG","og_type":"article","og_title":"Impressum - St\u00e4rkenHub | Psychologisches Coaching &amp; Beratung","og_description":"Anbieterin \/ Kontakt Angaben gem\u00e4\u00df \u00a7 5 E-Commerce-Gesetz (ECG)Anbieterin: Evgeniya Teneva, M.Sc. Rechtsform: Kleinunternehmen Berufsrechtliche Angaben Berufsrechtliche AngabenBerufsbezeichnung: Lebens- und Sozialberaterin (eingeschr\u00e4nkte Bef\u00e4higung zur psychologischen Beratung) Offenlegung Zust\u00e4ndige Kammer: Wirtschaftskammer \u00d6sterreich (WKO), Fachgruppe Personenberatung und Personenbetreuung Anwendbare Rechtsvorschriften: Gewerbeordnung (GewO), abrufbar unter&nbsp;http:\/\/www.ris.bka.gv.at Haftungsausschluss Haftung f\u00fcr Inhalte:Die Inhalte dieser Website wurden mit gr\u00f6\u00dfter Sorgfalt erstellt. F\u00fcr [&hellip;]","og_url":"https:\/\/www.staerkenhub.at\/bg\/impressum\/","og_site_name":"St\u00e4rkenHub | Psychologisches Coaching &amp; Beratung","article_publisher":"https:\/\/www.facebook.com\/profile.php?id=61581644878953","twitter_card":"summary_large_image","twitter_misc":{"Est. reading time":"1 \u043c\u0438\u043d\u0443\u0442\u0430"},"schema":{"@context":"https:\/\/schema.org","@graph":[{"@type":"WebPage","@id":"https:\/\/www.staerkenhub.at\/impressum\/","url":"https:\/\/www.staerkenhub.at\/impressum\/","name":"Impressum - St\u00e4rkenHub | Psychologisches Coaching &amp; Beratung","isPartOf":{"@id":"https:\/\/www.staerkenhub.at\/#website"},"datePublished":"2025-09-30T11:41:37+00:00","breadcrumb":{"@id":"https:\/\/www.staerkenhub.at\/impressum\/#breadcrumb"},"inLanguage":"bg-BG","potentialAction":[{"@type":"ReadAction","target":["https:\/\/www.staerkenhub.at\/impressum\/"]}]},{"@type":"BreadcrumbList","@id":"https:\/\/www.staerkenhub.at\/impressum\/#breadcrumb","itemListElement":[{"@type":"ListItem","position":1,"name":"Start","item":"https:\/\/www.staerkenhub.at\/"},{"@type":"ListItem","position":2,"name":"Impressum"}]},{"@type":"WebSite","@id":"https:\/\/www.staerkenhub.at\/#website","url":"https:\/\/www.staerkenhub.at\/","name":"St\u00e4rkenHub by Evgeniya Teneva","description":"","publisher":{"@id":"https:\/\/www.staerkenhub.at\/#organization"},"potentialAction":[{"@type":"SearchAction","target":{"@type":"EntryPoint","urlTemplate":"https:\/\/www.staerkenhub.at\/?s={search_term_string}"},"query-input":{"@type":"PropertyValueSpecification","valueRequired":true,"valueName":"search_term_string"}}],"inLanguage":"bg-BG"},{"@type":"Organization","@id":"https:\/\/www.staerkenhub.at\/#organization","name":"St\u00e4rkenHub by Evgeniya Teneva","url":"https:\/\/www.staerkenhub.at\/","logo":{"@type":"ImageObject","inLanguage":"bg-BG","@id":"https:\/\/www.staerkenhub.at\/#\/schema\/logo\/image\/","url":"https:\/\/www.staerkenhub.at\/wp-content\/uploads\/2025\/09\/5feaaa6d-1e5c-4a25-beb0-7922022ef953.png","contentUrl":"https:\/\/www.staerkenhub.at\/wp-content\/uploads\/2025\/09\/5feaaa6d-1e5c-4a25-beb0-7922022ef953.png","width":1344,"height":768,"caption":"St\u00e4rkenHub by Evgeniya Teneva"},"image":{"@id":"https:\/\/www.staerkenhub.at\/#\/schema\/logo\/image\/"},"sameAs":["https:\/\/www.facebook.com\/profile.php?id=61581644878953","https:\/\/www.instagram.com\/evgeniya.teneva\/"]}]}},"uagb_featured_image_src":{"full":false,"thumbnail":false,"medium":false,"medium_large":false,"large":false,"1536x1536":false,"2048x2048":false,"trp-custom-language-flag":false},"uagb_author_info":{"display_name":"Evgeniya Teneva","author_link":"https:\/\/www.staerkenhub.at\/bg\/author\/evgeniya-teneva\/"},"uagb_comment_info":0,"uagb_excerpt":"Anbieterin \/ Kontakt Angaben gem\u00e4\u00df \u00a7 5 E-Commerce-Gesetz (ECG)Anbieterin: Evgeniya Teneva, M.Sc. Rechtsform: Kleinunternehmen Berufsrechtliche Angaben Berufsrechtliche AngabenBerufsbezeichnung: Lebens- und Sozialberaterin (eingeschr\u00e4nkte Bef\u00e4higung zur psychologischen Beratung) Offenlegung Zust\u00e4ndige Kammer: Wirtschaftskammer \u00d6sterreich (WKO), Fachgruppe Personenberatung und Personenbetreuung Anwendbare Rechtsvorschriften: Gewerbeordnung (GewO), abrufbar unter&nbsp;http:\/\/www.ris.bka.gv.at Haftungsausschluss Haftung f\u00fcr Inhalte:Die Inhalte dieser Website wurden mit gr\u00f6\u00dfter Sorgfalt erstellt. F\u00fcr&hellip;","_links":{"self":[{"href":"https:\/\/www.staerkenhub.at\/bg\/wp-json\/wp\/v2\/pages\/178","targetHints":{"allow":["GET"]}}],"collection":[{"href":"https:\/\/www.staerkenhub.at\/bg\/wp-json\/wp\/v2\/pages"}],"about":[{"href":"https:\/\/www.staerkenhub.at\/bg\/wp-json\/wp\/v2\/types\/page"}],"author":[{"embeddable":true,"href":"https:\/\/www.staerkenhub.at\/bg\/wp-json\/wp\/v2\/users\/1"}],"replies":[{"embeddable":true,"href":"https:\/\/www.staerkenhub.at\/bg\/wp-json\/wp\/v2\/comments?post=178"}],"version-history":[{"count":1,"href":"https:\/\/www.staerkenhub.at\/bg\/wp-json\/wp\/v2\/pages\/178\/revisions"}],"predecessor-version":[{"id":179,"href":"https:\/\/www.staerkenhub.at\/bg\/wp-json\/wp\/v2\/pages\/178\/revisions\/179"}],"wp:attachment":[{"href":"https:\/\/www.staerkenhub.at\/bg\/wp-json\/wp\/v2\/media?parent=178"}],"curies":[{"name":"wp","href":"https:\/\/api.w.org\/{rel}","templated":true}]}}