{"id":170,"date":"2025-09-30T12:57:21","date_gmt":"2025-09-30T10:57:21","guid":{"rendered":"https:\/\/www.staerkenhub.at\/?page_id=170"},"modified":"2026-03-18T19:14:35","modified_gmt":"2026-03-18T18:14:35","slug":"kontaktformular","status":"publish","type":"page","link":"https:\/\/www.staerkenhub.at\/bg\/kontaktformular\/","title":{"rendered":"Kontaktformular"},"content":{"rendered":"<div class=\"wp-block-group is-vertical is-content-justification-left is-layout-flex wp-container-core-group-is-layout-0c84590b wp-block-group-is-layout-flex\">\n<p>Sie m\u00f6chten ein unverbindliches Erstgespr\u00e4ch anfragen oder haben Fragen zu meinem Angebot? Schreiben Sie mir gerne.<\/p>\n\n\n\n<p>Ich unterst\u00fctze Sie bei Anliegen rund um:<\/p>\n\n\n\n<ul class=\"wp-block-list\">\n<li>\u041a\u043e\u0443\u0447\u0438\u043d\u0433 \u0441 \u043f\u0441\u0438\u0445\u043e\u043b\u043e\u0433\u0438\u0447\u0435\u0441\u043a\u0430 \u043d\u0430\u0441\u043e\u0447\u0435\u043d\u043e\u0441\u0442<\/li>\n\n\n\n<li>\u041f\u0441\u0438\u0445\u043e\u043b\u043e\u0433\u0438\u0447\u0435\u0441\u043a\u0438 \u043a\u043e\u043d\u0441\u0443\u043b\u0442\u0430\u0446\u0438\u0438 \u043f\u0440\u0438 \u0441\u0442\u0440\u0430\u0445 \u043e\u0442 \u043b\u0435\u0442\u0435\u043d\u0435<\/li>\n\n\n\n<li>Online-Flugangstseminare<\/li>\n\n\n\n<li>\u0423\u044a\u0440\u043a\u0448\u043e\u043f\u0438 \u0438 \u043e\u0431\u0443\u0447\u0435\u043d\u0438\u044f<\/li>\n<\/ul>\n\n\n\n<p><strong>So geht es nach Ihrer Anfrage weiter:<\/strong><br>Ich melde mich pers\u00f6nlich bei Ihnen, um kurz Ihr Anliegen zu kl\u00e4ren und zu besprechen, ob mein Angebot aktuell gut zu Ihnen passt. Ihre Anfrage ist unverbindlich.<\/p>\n<\/div>\n\n\n\n<div class=\"wp-block-contact-form-7-contact-form-selector\">\n<div class=\"wpcf7 no-js\" id=\"wpcf7-f169-o1\" lang=\"de-DE\" dir=\"ltr\" data-wpcf7-id=\"169\">\n<div class=\"screen-reader-response\"><p role=\"status\" aria-live=\"polite\" aria-atomic=\"true\"><\/p> <ul><\/ul><\/div>\n<form action=\"\/bg\/wp-json\/wp\/v2\/pages\/170#wpcf7-f169-o1\" method=\"post\" class=\"wpcf7-form init\" aria-label=\"Kontaktformular\" novalidate=\"novalidate\" data-status=\"init\" data-trp-original-action=\"\/bg\/wp-json\/wp\/v2\/pages\/170#wpcf7-f169-o1\">\n<fieldset class=\"hidden-fields-container\"><input type=\"hidden\" name=\"_wpcf7\" value=\"169\" \/><input type=\"hidden\" name=\"_wpcf7_version\" value=\"6.1.5\" \/><input type=\"hidden\" name=\"_wpcf7_locale\" value=\"de_DE\" \/><input type=\"hidden\" name=\"_wpcf7_unit_tag\" value=\"wpcf7-f169-o1\" \/><input type=\"hidden\" name=\"_wpcf7_container_post\" value=\"0\" \/><input type=\"hidden\" name=\"_wpcf7_posted_data_hash\" value=\"\" \/>\n<\/fieldset>\n<p><label> \u0412\u0430\u0448\u0435\u0442\u043e \u0438\u043c\u0435<br \/>\n<span class=\"wpcf7-form-control-wrap\" data-name=\"your-name\"><input size=\"40\" maxlength=\"400\" class=\"wpcf7-form-control wpcf7-text wpcf7-validates-as-required\" autocomplete=\"name\" aria-required=\"true\" aria-invalid=\"false\" value=\"\" type=\"text\" name=\"your-name\" \/><\/span> <\/label>\n<\/p>\n<p><label> \u0412\u0430\u0448\u0438\u044f\u0442 \u0438\u043c\u0435\u0439\u043b \u0430\u0434\u0440\u0435\u0441<br \/>\n<span class=\"wpcf7-form-control-wrap\" data-name=\"your-email\"><input size=\"40\" maxlength=\"400\" class=\"wpcf7-form-control wpcf7-email wpcf7-validates-as-required wpcf7-text wpcf7-validates-as-email\" autocomplete=\"email\" aria-required=\"true\" aria-invalid=\"false\" value=\"\" type=\"email\" name=\"your-email\" \/><\/span> <\/label>\n<\/p>\n<p><label> \u0422\u0435\u043c\u0430<br \/>\n<span class=\"wpcf7-form-control-wrap\" data-name=\"your-subject\"><input size=\"40\" maxlength=\"400\" class=\"wpcf7-form-control wpcf7-text wpcf7-validates-as-required\" aria-required=\"true\" aria-invalid=\"false\" value=\"\" type=\"text\" name=\"your-subject\" \/><\/span> <\/label>\n<\/p>\n<p><label> \u0412\u0430\u0448\u0435\u0442\u043e \u0441\u044a\u043e\u0431\u0449\u0435\u043d\u0438\u0435<br \/>\n<span class=\"wpcf7-form-control-wrap\" data-name=\"your-message\"><textarea cols=\"40\" rows=\"10\" maxlength=\"2000\" class=\"wpcf7-form-control wpcf7-textarea\" aria-invalid=\"false\" name=\"your-message\"><\/textarea><\/span> <\/label>\n<\/p>\n<p><input class=\"wpcf7-form-control wpcf7-submit has-spinner\" type=\"submit\" value=\"\u0418\u0437\u043f\u0440\u0430\u0442\u0438\" \/>\n<\/p><div class=\"wpcf7-response-output\" aria-hidden=\"true\"><\/div>\n<input type=\"hidden\" name=\"trp-form-language\" value=\"bg\"\/><\/form>\n<\/div>\n<\/div>","protected":false},"excerpt":{"rendered":"<p>Sie m\u00f6chten ein unverbindliches Erstgespr\u00e4ch anfragen oder haben Fragen zu meinem Angebot? Schreiben Sie mir gerne. Ich unterst\u00fctze Sie bei Anliegen rund um: So geht es nach Ihrer Anfrage weiter:Ich melde mich pers\u00f6nlich bei Ihnen, um kurz Ihr Anliegen zu kl\u00e4ren und zu besprechen, ob mein Angebot aktuell gut zu Ihnen passt. Ihre Anfrage ist [&hellip;]<\/p>\n","protected":false},"author":1,"featured_media":0,"parent":0,"menu_order":0,"comment_status":"closed","ping_status":"closed","template":"","meta":{"_uag_custom_page_level_css":"","footnotes":""},"class_list":["post-170","page","type-page","status-publish","hentry"],"yoast_head":"<!-- This site is optimized with the Yoast SEO plugin v27.4 - https:\/\/yoast.com\/product\/yoast-seo-wordpress\/ -->\n<title>Kontaktformular - St\u00e4rkenHub | Psychologisches Coaching &amp; Beratung<\/title>\n<meta name=\"robots\" content=\"index, follow, max-snippet:-1, max-image-preview:large, max-video-preview:-1\" \/>\n<link rel=\"canonical\" href=\"https:\/\/www.staerkenhub.at\/bg\/kontaktformular\/\" \/>\n<meta property=\"og:locale\" content=\"bg_BG\" \/>\n<meta property=\"og:type\" content=\"article\" \/>\n<meta property=\"og:title\" content=\"Kontaktformular - St\u00e4rkenHub | Psychologisches Coaching &amp; Beratung\" \/>\n<meta property=\"og:description\" content=\"Sie m\u00f6chten ein unverbindliches Erstgespr\u00e4ch anfragen oder haben Fragen zu meinem Angebot? Schreiben Sie mir gerne. Ich unterst\u00fctze Sie bei Anliegen rund um: So geht es nach Ihrer Anfrage weiter:Ich melde mich pers\u00f6nlich bei Ihnen, um kurz Ihr Anliegen zu kl\u00e4ren und zu besprechen, ob mein Angebot aktuell gut zu Ihnen passt. Ihre Anfrage ist [&hellip;]\" \/>\n<meta property=\"og:url\" content=\"https:\/\/www.staerkenhub.at\/bg\/kontaktformular\/\" \/>\n<meta property=\"og:site_name\" content=\"St\u00e4rkenHub | Psychologisches Coaching &amp; Beratung\" \/>\n<meta property=\"article:publisher\" content=\"https:\/\/www.facebook.com\/profile.php?id=61581644878953\" \/>\n<meta property=\"article:modified_time\" content=\"2026-03-18T18:14:35+00:00\" \/>\n<meta name=\"twitter:card\" content=\"summary_large_image\" \/>\n<meta name=\"twitter:label1\" content=\"Est. reading time\" \/>\n\t<meta name=\"twitter:data1\" content=\"1 \u043c\u0438\u043d\u0443\u0442\u0430\" \/>\n<script type=\"application\/ld+json\" class=\"yoast-schema-graph\">{\"@context\":\"https:\\\/\\\/schema.org\",\"@graph\":[{\"@type\":\"WebPage\",\"@id\":\"https:\\\/\\\/www.staerkenhub.at\\\/kontaktformular\\\/\",\"url\":\"https:\\\/\\\/www.staerkenhub.at\\\/kontaktformular\\\/\",\"name\":\"Kontaktformular - St\u00e4rkenHub | Psychologisches Coaching &amp; Beratung\",\"isPartOf\":{\"@id\":\"https:\\\/\\\/www.staerkenhub.at\\\/#website\"},\"datePublished\":\"2025-09-30T10:57:21+00:00\",\"dateModified\":\"2026-03-18T18:14:35+00:00\",\"breadcrumb\":{\"@id\":\"https:\\\/\\\/www.staerkenhub.at\\\/kontaktformular\\\/#breadcrumb\"},\"inLanguage\":\"bg-BG\",\"potentialAction\":[{\"@type\":\"ReadAction\",\"target\":[\"https:\\\/\\\/www.staerkenhub.at\\\/kontaktformular\\\/\"]}]},{\"@type\":\"BreadcrumbList\",\"@id\":\"https:\\\/\\\/www.staerkenhub.at\\\/kontaktformular\\\/#breadcrumb\",\"itemListElement\":[{\"@type\":\"ListItem\",\"position\":1,\"name\":\"Start\",\"item\":\"https:\\\/\\\/www.staerkenhub.at\\\/\"},{\"@type\":\"ListItem\",\"position\":2,\"name\":\"Kontaktformular\"}]},{\"@type\":\"WebSite\",\"@id\":\"https:\\\/\\\/www.staerkenhub.at\\\/#website\",\"url\":\"https:\\\/\\\/www.staerkenhub.at\\\/\",\"name\":\"St\u00e4rkenHub by Evgeniya Teneva\",\"description\":\"\",\"publisher\":{\"@id\":\"https:\\\/\\\/www.staerkenhub.at\\\/#organization\"},\"potentialAction\":[{\"@type\":\"SearchAction\",\"target\":{\"@type\":\"EntryPoint\",\"urlTemplate\":\"https:\\\/\\\/www.staerkenhub.at\\\/?s={search_term_string}\"},\"query-input\":{\"@type\":\"PropertyValueSpecification\",\"valueRequired\":true,\"valueName\":\"search_term_string\"}}],\"inLanguage\":\"bg-BG\"},{\"@type\":\"Organization\",\"@id\":\"https:\\\/\\\/www.staerkenhub.at\\\/#organization\",\"name\":\"St\u00e4rkenHub by Evgeniya Teneva\",\"url\":\"https:\\\/\\\/www.staerkenhub.at\\\/\",\"logo\":{\"@type\":\"ImageObject\",\"inLanguage\":\"bg-BG\",\"@id\":\"https:\\\/\\\/www.staerkenhub.at\\\/#\\\/schema\\\/logo\\\/image\\\/\",\"url\":\"https:\\\/\\\/www.staerkenhub.at\\\/wp-content\\\/uploads\\\/2025\\\/09\\\/5feaaa6d-1e5c-4a25-beb0-7922022ef953.png\",\"contentUrl\":\"https:\\\/\\\/www.staerkenhub.at\\\/wp-content\\\/uploads\\\/2025\\\/09\\\/5feaaa6d-1e5c-4a25-beb0-7922022ef953.png\",\"width\":1344,\"height\":768,\"caption\":\"St\u00e4rkenHub by Evgeniya Teneva\"},\"image\":{\"@id\":\"https:\\\/\\\/www.staerkenhub.at\\\/#\\\/schema\\\/logo\\\/image\\\/\"},\"sameAs\":[\"https:\\\/\\\/www.facebook.com\\\/profile.php?id=61581644878953\",\"https:\\\/\\\/www.instagram.com\\\/evgeniya.teneva\\\/\"]}]}<\/script>\n<!-- \/ Yoast SEO plugin. -->","yoast_head_json":{"title":"Kontaktformular - St\u00e4rkenHub | Psychologisches Coaching &amp; Beratung","robots":{"index":"index","follow":"follow","max-snippet":"max-snippet:-1","max-image-preview":"max-image-preview:large","max-video-preview":"max-video-preview:-1"},"canonical":"https:\/\/www.staerkenhub.at\/bg\/kontaktformular\/","og_locale":"bg_BG","og_type":"article","og_title":"Kontaktformular - St\u00e4rkenHub | Psychologisches Coaching &amp; Beratung","og_description":"Sie m\u00f6chten ein unverbindliches Erstgespr\u00e4ch anfragen oder haben Fragen zu meinem Angebot? Schreiben Sie mir gerne. Ich unterst\u00fctze Sie bei Anliegen rund um: So geht es nach Ihrer Anfrage weiter:Ich melde mich pers\u00f6nlich bei Ihnen, um kurz Ihr Anliegen zu kl\u00e4ren und zu besprechen, ob mein Angebot aktuell gut zu Ihnen passt. Ihre Anfrage ist [&hellip;]","og_url":"https:\/\/www.staerkenhub.at\/bg\/kontaktformular\/","og_site_name":"St\u00e4rkenHub | Psychologisches Coaching &amp; Beratung","article_publisher":"https:\/\/www.facebook.com\/profile.php?id=61581644878953","article_modified_time":"2026-03-18T18:14:35+00:00","twitter_card":"summary_large_image","twitter_misc":{"Est. reading time":"1 \u043c\u0438\u043d\u0443\u0442\u0430"},"schema":{"@context":"https:\/\/schema.org","@graph":[{"@type":"WebPage","@id":"https:\/\/www.staerkenhub.at\/kontaktformular\/","url":"https:\/\/www.staerkenhub.at\/kontaktformular\/","name":"Kontaktformular - St\u00e4rkenHub | Psychologisches Coaching &amp; Beratung","isPartOf":{"@id":"https:\/\/www.staerkenhub.at\/#website"},"datePublished":"2025-09-30T10:57:21+00:00","dateModified":"2026-03-18T18:14:35+00:00","breadcrumb":{"@id":"https:\/\/www.staerkenhub.at\/kontaktformular\/#breadcrumb"},"inLanguage":"bg-BG","potentialAction":[{"@type":"ReadAction","target":["https:\/\/www.staerkenhub.at\/kontaktformular\/"]}]},{"@type":"BreadcrumbList","@id":"https:\/\/www.staerkenhub.at\/kontaktformular\/#breadcrumb","itemListElement":[{"@type":"ListItem","position":1,"name":"Start","item":"https:\/\/www.staerkenhub.at\/"},{"@type":"ListItem","position":2,"name":"Kontaktformular"}]},{"@type":"WebSite","@id":"https:\/\/www.staerkenhub.at\/#website","url":"https:\/\/www.staerkenhub.at\/","name":"St\u00e4rkenHub by Evgeniya Teneva","description":"","publisher":{"@id":"https:\/\/www.staerkenhub.at\/#organization"},"potentialAction":[{"@type":"SearchAction","target":{"@type":"EntryPoint","urlTemplate":"https:\/\/www.staerkenhub.at\/?s={search_term_string}"},"query-input":{"@type":"PropertyValueSpecification","valueRequired":true,"valueName":"search_term_string"}}],"inLanguage":"bg-BG"},{"@type":"Organization","@id":"https:\/\/www.staerkenhub.at\/#organization","name":"St\u00e4rkenHub by Evgeniya Teneva","url":"https:\/\/www.staerkenhub.at\/","logo":{"@type":"ImageObject","inLanguage":"bg-BG","@id":"https:\/\/www.staerkenhub.at\/#\/schema\/logo\/image\/","url":"https:\/\/www.staerkenhub.at\/wp-content\/uploads\/2025\/09\/5feaaa6d-1e5c-4a25-beb0-7922022ef953.png","contentUrl":"https:\/\/www.staerkenhub.at\/wp-content\/uploads\/2025\/09\/5feaaa6d-1e5c-4a25-beb0-7922022ef953.png","width":1344,"height":768,"caption":"St\u00e4rkenHub by Evgeniya Teneva"},"image":{"@id":"https:\/\/www.staerkenhub.at\/#\/schema\/logo\/image\/"},"sameAs":["https:\/\/www.facebook.com\/profile.php?id=61581644878953","https:\/\/www.instagram.com\/evgeniya.teneva\/"]}]}},"uagb_featured_image_src":{"full":false,"thumbnail":false,"medium":false,"medium_large":false,"large":false,"1536x1536":false,"2048x2048":false,"trp-custom-language-flag":false},"uagb_author_info":{"display_name":"Evgeniya Teneva","author_link":"https:\/\/www.staerkenhub.at\/bg\/author\/evgeniya-teneva\/"},"uagb_comment_info":0,"uagb_excerpt":"Sie m\u00f6chten ein unverbindliches Erstgespr\u00e4ch anfragen oder haben Fragen zu meinem Angebot? Schreiben Sie mir gerne. Ich unterst\u00fctze Sie bei Anliegen rund um: So geht es nach Ihrer Anfrage weiter:Ich melde mich pers\u00f6nlich bei Ihnen, um kurz Ihr Anliegen zu kl\u00e4ren und zu besprechen, ob mein Angebot aktuell gut zu Ihnen passt. Ihre Anfrage ist&hellip;","_links":{"self":[{"href":"https:\/\/www.staerkenhub.at\/bg\/wp-json\/wp\/v2\/pages\/170","targetHints":{"allow":["GET"]}}],"collection":[{"href":"https:\/\/www.staerkenhub.at\/bg\/wp-json\/wp\/v2\/pages"}],"about":[{"href":"https:\/\/www.staerkenhub.at\/bg\/wp-json\/wp\/v2\/types\/page"}],"author":[{"embeddable":true,"href":"https:\/\/www.staerkenhub.at\/bg\/wp-json\/wp\/v2\/users\/1"}],"replies":[{"embeddable":true,"href":"https:\/\/www.staerkenhub.at\/bg\/wp-json\/wp\/v2\/comments?post=170"}],"version-history":[{"count":7,"href":"https:\/\/www.staerkenhub.at\/bg\/wp-json\/wp\/v2\/pages\/170\/revisions"}],"predecessor-version":[{"id":669,"href":"https:\/\/www.staerkenhub.at\/bg\/wp-json\/wp\/v2\/pages\/170\/revisions\/669"}],"wp:attachment":[{"href":"https:\/\/www.staerkenhub.at\/bg\/wp-json\/wp\/v2\/media?parent=170"}],"curies":[{"name":"wp","href":"https:\/\/api.w.org\/{rel}","templated":true}]}}